{"id":1335,"date":"2021-09-02T18:34:19","date_gmt":"2021-09-02T18:34:19","guid":{"rendered":"https:\/\/gsaranyjanos.ro\/?page_id=1335"},"modified":"2022-03-24T21:12:39","modified_gmt":"2022-03-24T21:12:39","slug":"ujsag","status":"publish","type":"page","link":"https:\/\/gsaranyjanos.ro\/?page_id=1335","title":{"rendered":"\u00dajs\u00e1g"},"content":{"rendered":"\n<div class=\"wp-block-image\"><figure class=\"aligncenter size-full is-resized\"><img decoding=\"async\" src=\"http:\/\/gsaranyjanos.ro\/wp-content\/uploads\/2021\/09\/lajk_ikon.gif\" alt=\"\" class=\"wp-image-1348\" width=\"240\" height=\"94\"\/><\/figure><\/div>\n\n\n<h1 align=\"center\"><strong>L\u00e1jkold \u2013 az iskola lapja<\/strong><\/h1>\n<blockquote>\n<p align=\"justify\"><em>Olyasmi foglalkoz\u00e1s az \u00edr\u00e1s, mint a j\u00e1t\u00e9k, a gyermek komolyan veszi, \u00e9s b\u00e1r semmi l\u00e9nyeges nem f\u00fcgg att\u00f3l, amit nagy gonddal v\u00e9gez, afel\u0151l, hogy csak j\u00e1t\u00e9k, m\u00e9g csakugyan elf\u00e1rad bele.<\/em><\/p>\n<\/blockquote>\n<p align=\"right\"><em>Szab\u00f3 Magda<\/em><\/p>\n<p align=\"justify\">Naprak\u00e9sz, felk\u00e9sz\u00fclt, sz\u00ednes, v\u00e1ltozatos, \u00e9rdekfesz\u00edt\u0151. Ez csak n\u00e9h\u00e1ny jelz\u0151, amikkel a L\u00e1jkold c\u00edm\u0171 iskola\u00fajs\u00e1gunkat illethetj\u00fck. Persze minden a szerkeszt\u0151s\u00e9g munk\u00e1j\u00e1b\u00f3l fakad, akik rengeteget dolgoztak azon, hogy a legfrissebb inform\u00e1ci\u00f3kat eljuttass\u00e1k a di\u00e1kokhoz \u00e9s tan\u00e1rokhoz. A tagok legf\u0151bb feladatuknak az olvas\u00f3k\u00f6z\u00f6ns\u00e9g \u00e9rdekl\u0151d\u00e9s\u00e9nek felkelt\u00e9s\u00e9t tartj\u00e1k, ez\u00e9rt v\u00e1ltozatos rovatokkal \u00e9s cikkekkel sz\u00ednes\u00edtik a lapot. \u00cdgy p\u00e9ld\u00e1ul nem maradhatnak ki az \u00e9lm\u00e9nybesz\u00e1mol\u00f3k, film- \u00e9s zeneaj\u00e1nl\u00f3k, interj\u00fak, sz\u00e9pirodalmi alkot\u00e1sok, az eg\u00e9szs\u00e9ges \u00e9letm\u00f3dr\u00f3l sz\u00f3l\u00f3 \u00edr\u00e1sok, valamint az informatikusok sz\u00e1m\u00e1ra oly kedvelt PC j\u00e1t\u00e9kok rovat sem. A sz\u00e9p szavak mellett azt is el kell mondanunk, hogy az iskola\u00fajs\u00e1g igen nehezen indult be, de ahogy mondani szokt\u00e1k \u201ehamar sz\u00e1rnyra kapott.<\/p>\n<p align=\"justify\">Az&nbsp;<strong>ir\u00e1ny\u00edt\u00f3tan\u00e1rok<\/strong>, Kiss M\u00e1ria, S\u00e1nta Elza Hajnalka \u00e9s Cz\u00e9g\u00e9 R\u00e9ka tan\u00e1rn\u0151k, megpr\u00f3b\u00e1lt\u00e1k mindig arra buzd\u00edtani a di\u00e1kokat, hogy k\u00fcldj\u00e9k be \u00edr\u00e1saikat a lapnak, hogy jelentkezzenek a szerkeszt\u0151s\u00e9gbe.<\/p>\n<p class=\"style2\" align=\"justify\"><\/p>\n\n\n<h2 class=\"wp-block-heading\">2013-2014-es  <strong><strong>\u00e9vfolyam:<\/strong> <\/strong> <\/h2>\n\n\n\n<p>F\u0151szerkeszt\u0151k: Bagosi Zs\u00f3fia<br>Rovatvezet\u0151: Szil\u00e1gyi Norbert<\/p>\n\n\n\n<div class=\"wp-block-buttons is-layout-flex wp-block-buttons-is-layout-flex\">\n<div class=\"wp-block-button\"><a class=\"wp-block-button__link\" href=\"http:\/\/gsaranyjanos.ro\/wp-content\/uploads\/2021\/09\/lajk_iii_2.pdf\" target=\"_blank\" rel=\"noreferrer noopener\"> III. \u00e9vfolyam 1. sz\u00e1m <\/a><\/div>\n\n\n\n<div class=\"wp-block-button\"><a class=\"wp-block-button__link\" href=\"http:\/\/gsaranyjanos.ro\/wp-content\/uploads\/2021\/09\/lajk_iii_1.pdf\" target=\"_blank\" rel=\"noreferrer noopener\"> III. \u00e9vfolyam 2. sz\u00e1m <\/a><\/div>\n\n\n\n<div class=\"wp-block-button\"><a class=\"wp-block-button__link\" href=\"http:\/\/gsaranyjanos.ro\/wp-content\/uploads\/2021\/09\/lajk_iii_3.pdf\" target=\"_blank\" rel=\"noreferrer noopener\"> III. \u00e9vfolyam 3. sz\u00e1m <\/a><\/div>\n<\/div>\n\n\n\n<hr class=\"wp-block-separator aligncenter is-style-wide\"\/>\n\n\n\n<h2 class=\"wp-block-heading\"><strong> <strong>2012-2013-as \u00e9vfolyam:<\/strong> <\/strong><\/h2>\n\n\n\n<p>F\u0151szerkeszt\u0151k: Bagosi Zs\u00f3fia<br>Rovatvezet\u0151: Szil\u00e1gyi Norbert<\/p>\n\n\n\n<div class=\"wp-block-buttons is-layout-flex wp-block-buttons-is-layout-flex\">\n<div class=\"wp-block-button\"><a class=\"wp-block-button__link\" href=\"http:\/\/gsaranyjanos.ro\/wp-content\/uploads\/2021\/09\/lajk_ii_2.pdf\" target=\"_blank\" rel=\"noreferrer noopener\"> II. \u00e9vfolyam 1. sz\u00e1m <\/a><\/div>\n\n\n\n<div class=\"wp-block-button\"><a class=\"wp-block-button__link\" href=\"http:\/\/gsaranyjanos.ro\/wp-content\/uploads\/2021\/09\/lajk_ii_1.pdf\" target=\"_blank\" rel=\"noreferrer noopener\"> II. \u00e9vfolyam 2. sz\u00e1m <\/a><\/div>\n\n\n\n<div class=\"wp-block-button\"><a class=\"wp-block-button__link\" href=\"http:\/\/gsaranyjanos.ro\/wp-content\/uploads\/2021\/09\/lajk_ii_3.pdf\" target=\"_blank\" rel=\"noreferrer noopener\"> II. \u00e9vfolyam 3. sz\u00e1m <\/a><\/div>\n\n\n\n<div class=\"wp-block-button\"><a class=\"wp-block-button__link\" href=\"http:\/\/gsaranyjanos.ro\/wp-content\/uploads\/2021\/09\/lajk_ii_4_5.pdf\" target=\"_blank\" rel=\"noreferrer noopener\"> II. \u00e9vfolyam 4.-5. sz\u00e1m <\/a><\/div>\n\n\n\n<div class=\"wp-block-button\"><a class=\"wp-block-button__link\" href=\"http:\/\/gsaranyjanos.ro\/wp-content\/uploads\/2021\/09\/lajk_ii_6.pdf\" target=\"_blank\" rel=\"noreferrer noopener\"> II. \u00e9vfolyam 6. sz\u00e1m <\/a><\/div>\n<\/div>\n\n\n\n<hr class=\"wp-block-separator aligncenter is-style-wide\"\/>\n\n\n\n<h2 class=\"wp-block-heading\"><strong>2011-2012-as \u00e9vfolyam:<\/strong><\/h2>\n\n\n\n<p>F\u0151szerkeszt\u0151k: Bagosi Zs\u00f3fia \u00e9s Kiss Annam\u00e1ria<br>Rovatvezet\u0151k: Dani \u00c9va, F\u0103rcu\u0163 Ren\u00e1ta, Korda Hajnalka, Krilek Yvett, Moldov\u00e1n Kitti, Nagy G\u00e1bor, Nagy Ingrid, Nagy Zsombor, Maurer Lajos, Tak\u00e1cs Emese, Szil\u00e1gyi Norbert, Szab\u00f3 Bettina, Sz\u00e9l \u00c1d\u00e1m, Szab\u00f3 Levente<\/p>\n\n\n\n<p>F\u0151szerkeszt\u0151k: Bagosi Zs\u00f3fia \u00e9s Kiss Annam\u00e1ria<br>Rovatvezet\u0151k: Dani \u00c9va, F\u0103rcu\u0163 Ren\u00e1ta, Korda Hajnalka, Krilek Yvett, Moldov\u00e1n Kitti, Nagy G\u00e1bor, Nagy Ingrid, Nagy Zsombor, Maurer Lajos, Tak\u00e1cs Emese, Szil\u00e1gyi Norbert, Szab\u00f3 Bettina, Sz\u00e9l \u00c1d\u00e1m, Szab\u00f3 Levente<\/p>\n\n\n\n<div class=\"wp-block-buttons is-layout-flex wp-block-buttons-is-layout-flex\">\n<div class=\"wp-block-button\"><a class=\"wp-block-button__link\" href=\"http:\/\/gsaranyjanos.ro\/wp-content\/uploads\/2021\/09\/lajk_i_1.pdf\" target=\"_blank\" rel=\"noreferrer noopener\">I. \u00e9vfolyam 1. sz\u00e1m<\/a><\/div>\n\n\n\n<div class=\"wp-block-button\"><a class=\"wp-block-button__link\" href=\"http:\/\/gsaranyjanos.ro\/wp-content\/uploads\/2021\/09\/lajk_i_2.pdf\" target=\"_blank\" rel=\"noreferrer noopener\">I. \u00e9vfolyam 2. sz\u00e1m<\/a><\/div>\n\n\n\n<div class=\"wp-block-button\"><a class=\"wp-block-button__link\" href=\"http:\/\/gsaranyjanos.ro\/wp-content\/uploads\/2021\/09\/lajk_i_3.pdf\" target=\"_blank\" rel=\"noreferrer noopener\">I. \u00e9vfolyam 3. sz\u00e1m<\/a><\/div>\n\n\n\n<div class=\"wp-block-button\"><a class=\"wp-block-button__link\" href=\"http:\/\/gsaranyjanos.ro\/wp-content\/uploads\/2021\/09\/lajk_i_4_5.pdf\" target=\"_blank\" rel=\"noreferrer noopener\">I. \u00e9vfolyam 4.-5. sz\u00e1m<\/a><\/div>\n<\/div>\n\n\n\n<p><\/p>\n","protected":false},"excerpt":{"rendered":"<p>L\u00e1jkold \u2013 az iskola lapja Olyasmi foglalkoz\u00e1s az \u00edr\u00e1s, mint a j\u00e1t\u00e9k, a gyermek komolyan veszi, \u00e9s b\u00e1r semmi l\u00e9nyeges nem f\u00fcgg att\u00f3l, amit nagy gonddal v\u00e9gez, afel\u0151l, hogy csak j\u00e1t\u00e9k, m\u00e9g csakugyan elf\u00e1rad bele. Szab\u00f3 Magda Naprak\u00e9sz, felk\u00e9sz\u00fclt, sz\u00ednes, v\u00e1ltozatos, \u00e9rdekfesz\u00edt\u0151. Ez csak n\u00e9h\u00e1ny jelz\u0151, amikkel a L\u00e1jkold c\u00edm\u0171 iskola\u00fajs\u00e1gunkat illethetj\u00fck. Persze minden a [&hellip;]<\/p>\n","protected":false},"author":1,"featured_media":0,"parent":1704,"menu_order":0,"comment_status":"closed","ping_status":"closed","template":"","meta":{"ocean_post_layout":"full-width","ocean_both_sidebars_style":"","ocean_both_sidebars_content_width":0,"ocean_both_sidebars_sidebars_width":0,"ocean_sidebar":"0","ocean_second_sidebar":"0","ocean_disable_margins":"enable","ocean_add_body_class":"","ocean_shortcode_before_top_bar":"","ocean_shortcode_after_top_bar":"","ocean_shortcode_before_header":"","ocean_shortcode_after_header":"","ocean_has_shortcode":"","ocean_shortcode_after_title":"","ocean_shortcode_before_footer_widgets":"","ocean_shortcode_after_footer_widgets":"","ocean_shortcode_before_footer_bottom":"","ocean_shortcode_after_footer_bottom":"","ocean_display_top_bar":"default","ocean_display_header":"default","ocean_header_style":"","ocean_center_header_left_menu":"0","ocean_custom_header_template":"0","ocean_custom_logo":0,"ocean_custom_retina_logo":0,"ocean_custom_logo_max_width":0,"ocean_custom_logo_tablet_max_width":0,"ocean_custom_logo_mobile_max_width":0,"ocean_custom_logo_max_height":0,"ocean_custom_logo_tablet_max_height":0,"ocean_custom_logo_mobile_max_height":0,"ocean_header_custom_menu":"0","ocean_menu_typo_font_family":"0","ocean_menu_typo_font_subset":"","ocean_menu_typo_font_size":0,"ocean_menu_typo_font_size_tablet":0,"ocean_menu_typo_font_size_mobile":0,"ocean_menu_typo_font_size_unit":"px","ocean_menu_typo_font_weight":"","ocean_menu_typo_font_weight_tablet":"","ocean_menu_typo_font_weight_mobile":"","ocean_menu_typo_transform":"","ocean_menu_typo_transform_tablet":"","ocean_menu_typo_transform_mobile":"","ocean_menu_typo_line_height":0,"ocean_menu_typo_line_height_tablet":0,"ocean_menu_typo_line_height_mobile":0,"ocean_menu_typo_line_height_unit":"","ocean_menu_typo_spacing":0,"ocean_menu_typo_spacing_tablet":0,"ocean_menu_typo_spacing_mobile":0,"ocean_menu_typo_spacing_unit":"","ocean_menu_link_color":"","ocean_menu_link_color_hover":"","ocean_menu_link_color_active":"","ocean_menu_link_background":"","ocean_menu_link_hover_background":"","ocean_menu_link_active_background":"","ocean_menu_social_links_bg":"","ocean_menu_social_hover_links_bg":"","ocean_menu_social_links_color":"","ocean_menu_social_hover_links_color":"","ocean_disable_title":"default","ocean_disable_heading":"default","ocean_post_title":"","ocean_post_subheading":"","ocean_post_title_style":"","ocean_post_title_background_color":"","ocean_post_title_background":0,"ocean_post_title_bg_image_position":"","ocean_post_title_bg_image_attachment":"","ocean_post_title_bg_image_repeat":"","ocean_post_title_bg_image_size":"","ocean_post_title_height":0,"ocean_post_title_bg_overlay":0.5,"ocean_post_title_bg_overlay_color":"","ocean_disable_breadcrumbs":"off","ocean_breadcrumbs_color":"","ocean_breadcrumbs_separator_color":"","ocean_breadcrumbs_links_color":"","ocean_breadcrumbs_links_hover_color":"","ocean_display_footer_widgets":"default","ocean_display_footer_bottom":"default","ocean_custom_footer_template":"0","footnotes":""},"class_list":["post-1335","page","type-page","status-publish","hentry","entry"],"_links":{"self":[{"href":"https:\/\/gsaranyjanos.ro\/index.php?rest_route=\/wp\/v2\/pages\/1335","targetHints":{"allow":["GET"]}}],"collection":[{"href":"https:\/\/gsaranyjanos.ro\/index.php?rest_route=\/wp\/v2\/pages"}],"about":[{"href":"https:\/\/gsaranyjanos.ro\/index.php?rest_route=\/wp\/v2\/types\/page"}],"author":[{"embeddable":true,"href":"https:\/\/gsaranyjanos.ro\/index.php?rest_route=\/wp\/v2\/users\/1"}],"replies":[{"embeddable":true,"href":"https:\/\/gsaranyjanos.ro\/index.php?rest_route=%2Fwp%2Fv2%2Fcomments&post=1335"}],"version-history":[{"count":41,"href":"https:\/\/gsaranyjanos.ro\/index.php?rest_route=\/wp\/v2\/pages\/1335\/revisions"}],"predecessor-version":[{"id":1849,"href":"https:\/\/gsaranyjanos.ro\/index.php?rest_route=\/wp\/v2\/pages\/1335\/revisions\/1849"}],"up":[{"embeddable":true,"href":"https:\/\/gsaranyjanos.ro\/index.php?rest_route=\/wp\/v2\/pages\/1704"}],"wp:attachment":[{"href":"https:\/\/gsaranyjanos.ro\/index.php?rest_route=%2Fwp%2Fv2%2Fmedia&parent=1335"}],"curies":[{"name":"wp","href":"https:\/\/api.w.org\/{rel}","templated":true}]}}