{"id":3924,"date":"2023-09-17T09:07:32","date_gmt":"2023-09-17T09:07:32","guid":{"rendered":"https:\/\/gsaranyjanos.ro\/?page_id=3924"},"modified":"2023-09-17T09:07:45","modified_gmt":"2023-09-17T09:07:45","slug":"prolyceum-2","status":"publish","type":"page","link":"https:\/\/gsaranyjanos.ro\/?page_id=3924","title":{"rendered":"ProLyceum"},"content":{"rendered":"\t\t<div data-elementor-type=\"wp-page\" data-elementor-id=\"3924\" class=\"elementor elementor-3924\">\n\t\t\t\t\t\t<section class=\"elementor-section elementor-top-section elementor-element elementor-element-1b0904e elementor-section-boxed elementor-section-height-default elementor-section-height-default\" data-id=\"1b0904e\" data-element_type=\"section\" data-e-type=\"section\">\n\t\t\t\t\t\t<div class=\"elementor-container elementor-column-gap-default\">\n\t\t\t\t\t<div class=\"elementor-column elementor-col-100 elementor-top-column elementor-element elementor-element-fad5108\" data-id=\"fad5108\" data-element_type=\"column\" data-e-type=\"column\">\n\t\t\t<div class=\"elementor-widget-wrap elementor-element-populated\">\n\t\t\t\t\t\t<section class=\"elementor-section elementor-inner-section elementor-element elementor-element-df66ab3 elementor-section-boxed elementor-section-height-default elementor-section-height-default\" data-id=\"df66ab3\" data-element_type=\"section\" data-e-type=\"section\">\n\t\t\t\t\t\t<div class=\"elementor-container elementor-column-gap-default\">\n\t\t\t\t\t<div class=\"elementor-column elementor-col-50 elementor-inner-column elementor-element elementor-element-d38b728\" data-id=\"d38b728\" data-element_type=\"column\" data-e-type=\"column\">\n\t\t\t<div class=\"elementor-widget-wrap elementor-element-populated\">\n\t\t\t\t\t\t<div class=\"elementor-element elementor-element-518adf8 elementor-widget__width-initial elementor-widget elementor-widget-image\" data-id=\"518adf8\" data-element_type=\"widget\" data-e-type=\"widget\" data-widget_type=\"image.default\">\n\t\t\t\t<div class=\"elementor-widget-container\">\n\t\t\t\t\t\t\t\t\t\t\t\t\t\t\t<img decoding=\"async\" width=\"239\" height=\"200\" src=\"https:\/\/gsaranyjanos.ro\/wp-content\/uploads\/2023\/07\/ProLyceum_logo.jpg\" class=\"attachment-large size-large wp-image-3752\" alt=\"\" \/>\t\t\t\t\t\t\t\t\t\t\t\t\t\t\t<\/div>\n\t\t\t\t<\/div>\n\t\t\t\t\t<\/div>\n\t\t<\/div>\n\t\t\t\t<div class=\"elementor-column elementor-col-50 elementor-inner-column elementor-element elementor-element-b4c83a6\" data-id=\"b4c83a6\" data-element_type=\"column\" data-e-type=\"column\">\n\t\t\t<div class=\"elementor-widget-wrap elementor-element-populated\">\n\t\t\t\t\t\t<div class=\"elementor-element elementor-element-b9746ef elementor-widget__width-initial elementor-widget elementor-widget-text-editor\" data-id=\"b9746ef\" data-element_type=\"widget\" data-e-type=\"widget\" data-widget_type=\"text-editor.default\">\n\t\t\t\t<div class=\"elementor-widget-container\">\n\t\t\t\t\t\t\t\t\t<h2 style=\"text-align: center;\">A PRO LYCEUM Alap\u00edtv\u00e1ny<\/h2><h2 style=\"text-align: center;\">az<\/h2><h2 style=\"text-align: center;\">Arany J\u00e1nos Elm\u00e9leti L\u00edceum alap\u00edtv\u00e1nya<\/h2><p>A Pro Lyceum Alap\u00edtv\u00e1ny 2000-ben lett bejegyezve \u00e9s az Arany J\u00e1nos F\u0151gimn\u00e1zium tan\u00e1ri kar\u00e1nak 21 tagja alap\u00edtotta Kiss Ern\u0151 aligazgat\u00f3 kezdem\u00e9nyez\u00e9s\u00e9re, aki az alap\u00edtv\u00e1ny eln\u00f6ke volt 2000 \u00e9s 2005 k\u00f6z\u00f6tt. Ez\u00faton is szeretn\u00e9nk megeml\u00e9kezni Kiss Ern\u0151r\u0151l, aki \u00e1ldozatos \u00e9s kitart\u00f3 munk\u00e1j\u00e1val igyekezett megteremteni az anyagiakat az alap\u00edtv\u00e1ny l\u00e9trehoz\u00e1sa \u00e9s fenntart\u00e1sa c\u00e9lj\u00e1b\u00f3l.<\/p>\t\t\t\t\t\t\t\t<\/div>\n\t\t\t\t<\/div>\n\t\t\t\t\t<\/div>\n\t\t<\/div>\n\t\t\t\t\t<\/div>\n\t\t<\/section>\n\t\t\t\t<div class=\"elementor-element elementor-element-63b6633 elementor-widget elementor-widget-text-editor\" data-id=\"63b6633\" data-element_type=\"widget\" data-e-type=\"widget\" data-widget_type=\"text-editor.default\">\n\t\t\t\t<div class=\"elementor-widget-container\">\n\t\t\t\t\t\t\t\t\t<p>2010-ben az Arany J\u00e1nos Elm\u00e9leti L\u00edceum megalakul\u00e1sakor az alap\u00edtv\u00e1nyi tagok \u00fagy d\u00f6nt\u00f6ttek, hogy ezent\u00fal a Pro Lyceum Alap\u00edtv\u00e1ny kiz\u00e1r\u00f3lag az Arany J\u00e1nos Elm\u00e9leti L\u00edceum egyes\u00fclete lesz. Az egyes\u00fclet vezet\u0151s\u00e9ge a k\u00f6vetkez\u0151k\u00e9ppen v\u00e1ltozott: az alap\u00edtv\u00e1ny eln\u00f6ke Kiss M\u00e1ria, aleln\u00f6ke Nagy Ildik\u00f3, titk\u00e1ra Illy\u00e9s-Domj\u00e1n Laura-Krisztina, kurat\u00f3riumi tag F\u00e1bi\u00e1n Bogl\u00e1rka.<\/p><h3 style=\"text-align: center;\">Fontosabb tev\u00e9kenys\u00e9geink<\/h3><p>Az alap\u00edtv\u00e1ny fenn\u00e1ll\u00e1s\u00e1nak 22 \u00e9ve alatt a k\u00f6vetkez\u0151 tev\u00e9kenys\u00e9gek \u00e9s rendezv\u00e9nyek lebonyol\u00edt\u00e1s\u00e1t seg\u00edtette:<\/p><div>&#8211;\u00a0\u00a0\u00a0 2005-ig az alap\u00edtv\u00e1nyunkon kereszt\u00fcl seg\u00e9lyek, iskolai b\u00fatorok \u00e9s felszerel\u00e9sek \u00e9rkeztek egy hollandiai alap\u00edtv\u00e1nyt\u00f3l;<\/div><div>&#8211;\u00a0\u00a0\u00a0 2005-t\u0151l kezdve minden \u00e9vben megrendez\u00e9sre ker\u00fcl az alap\u00edtv\u00e1ny seg\u00edts\u00e9g\u00e9vel A Di\u00e1kok Tudom\u00e1nyos Konferenci\u00e1ja, amelyet j\u00f6v\u0151re, 2024 m\u00e1jus\u00e1ban imm\u00e1ron 18. alkalommal rendez\u00fcnk majd meg;<\/div><div>&#8211;\u00a0\u00a0\u00a0 a 2008-2009-es tan\u00e9vben, majd 2017 ut\u00e1n minden \u00e9vben megrendez\u00e9sre ker\u00fclt A Di\u00e1kok Kultur\u00e1lis Konferenci\u00e1ja;<\/div><div>&#8211;\u00a0\u00a0\u00a0 t\u00f6bbsz\u00f6r szervezt\u00fcnk <em>Tudom\u00e1nyos Di\u00e1kt\u00e1bort<\/em>: 2007, 2008, 2010 \u00e9s 2012 nyar\u00e1n, els\u0151 \u00e9vben Aranyosf\u0151n, majd a k\u00f6vetkez\u0151 k\u00e9t \u00e9vben a Lesi-t\u00f3n\u00e1l \u00e9s 2012-ben pedig V\u00e1rsonkolyoson. Az ut\u00f3bbi k\u00e9t \u00e9vben a pand\u00e9mi\u00e1s helyzet nem engedte a t\u00e1borszervez\u00e9st, de el\u0151tte 2016-ban V\u00e1rsonkolyoson, 2018-ban Algy\u00f3gyon \u00e9s 2019-ben Torock\u00f3n volt megszervezve a t\u00e1bor<\/div><div>&#8211;\u00a0\u00a0\u00a0 az alap\u00edtv\u00e1ny seg\u00edts\u00e9g\u00e9vel jelent meg f\u00e9l\u00e9venk\u00e9nt az <em>ADOLESCENTA-TINI<\/em> iskola\u00fajs\u00e1g, az Arany J\u00e1nos F\u0151gimn\u00e1zium di\u00e1klapja, mellyel m\u00e1r nagyon sok sz\u00e9p sikert k\u00f6nyvelhett\u00fcnk el\u00a0 azokon a megyei \u00e9s orsz\u00e1gos versenyeken, amelyekre 2002 \u00f3ta benevezt\u00fcnk;<\/div><div>&#8211; az alap\u00edtv\u00e1ny seg\u00edtette a <strong>l\u00c1Jkold!<\/strong> iskola\u00fajs\u00e1g megjelen\u00e9s\u00e9t, amelyet az Arany J\u00e1nos Elm\u00e9leti L\u00edceum di\u00e1kjai szerkesztenek, \u00e9s amely havonta jelenik meg; A <strong>l\u00c1Jkold!<\/strong>-on k\u00edv\u00fcl, 2018-ban ind\u00edtottuk a <em><strong>N\u00e9z\u0151pontok \u2013 Puncte de vedere<\/strong><\/em> magazint, melynek az\u00f3ta, a pand\u00e9mi\u00e1s k\u00f6r\u00fclm\u00e9nyek ellen\u00e9re is siker\u00fclt 5 sz\u00e1m\u00e1t megjelentetni (minden iskolai \u00e9vben kett\u0151t)<\/div><div>&#8211;\u00a0\u00a0\u00a0 az ut\u00f3bbi \u00e9vekben k\u00fcl\u00f6nb\u00f6z\u0151 tant\u00e1rgyversenyek, vet\u00e9lked\u0151k \u00e9s sportrendezv\u00e9nyek szervez\u00e9s\u00e9t is seg\u00edtett\u00fck. Ezek k\u00f6z\u00fcl megeml\u00edtj\u00fck a XXIII. Erd\u00e9lyi Magyar Matematikaversenyt, melynek megszerez\u00e9s\u00e9t a 2013-as \u00e9vben az Arany J\u00e1nos elm\u00e9leti L\u00edceum munkak\u00f6z\u00f6ss\u00e9ge v\u00e1llalta \u00e9s a k\u00f6lts\u00e9gek egy r\u00e9sz\u00e9t az egyes\u00fclet finansz\u00edrozta;<\/div><div>&#8211; a K\u00e1ny\u00e1di S\u00e1ndor orsz\u00e1gos versmond\u00f3verseny megyei szakasz\u00e1nak a megszervez\u00e9s\u00e9t is seg\u00edtette az alap\u00edtv\u00e1ny az ut\u00f3bbi 6 \u00e9vben<\/div><div>&#8211; ugyanakkor minden tan\u00e9vben az alap\u00edtv\u00e1ny seg\u00edtette az Iskolanap, a Csal\u00e1dnapok, a Pedag\u00f3gusnap, a N\u0151nap, a Challange Day \u00e9s egy\u00e9b iskol\u00e1n k\u00edv\u00fcli tev\u00e9kenys\u00e9g megrendez\u00e9s\u00e9t;<\/div><div>&#8211;\u00a0\u00a0\u00a0 minden \u00e9vben hozz\u00e1j\u00e1rulunk a legjobb tanulm\u00e1nyi eredm\u00e9nyeket el\u00e9rt di\u00e1kok tan\u00e9vv\u00e9gi d\u00edjaz\u00e1s\u00e1hoz.<\/div><p>Az elm\u00falt t\u00edz \u00e9v tev\u00e9kenys\u00e9gei k\u00f6z\u00fcl a k\u00f6vetkez\u0151ket emeln\u00e9m ki:<\/p><p>1.\u00a0\u00a0\u00a0 A \u201e<strong>Kar\u00e1csonyi Meglepet\u00e9s &#8211; 2012<\/strong>\u201d elnevez\u00e9s\u0171 projekt keretein bel\u00fcl az egyes\u00fclet hazai \u00e9s k\u00fclf\u00f6ldi partnerek seg\u00edts\u00e9g\u00e9vel finansz\u00edrozni tudta a di\u00e1kok kar\u00e1csonyi m\u0171sor\u00e1t \u00e9s egy szt\u00e1rvend\u00e9g megjelen\u00e9s\u00e9t ezen a rendezv\u00e9nyen.<br \/>2.\u00a0\u00a0\u00a0 A 2012-2013-as tan\u00e9vben is folytat\u00f3dott az \u201e<em><strong>Egy es\u00e9llyel t\u00f6bbet az Arany J\u00e1nos Elm\u00e9leti L\u00edceum di\u00e1kjainak!<\/strong><\/em>\u201d. A p\u00e1ly\u00e1zat keretein bel\u00fcl tehets\u00e9ggondoz\u00f3 csoportok indultak matematik\u00e1b\u00f3l, fizik\u00e1b\u00f3l, informatik\u00e1b\u00f3l, k\u00e9mi\u00e1b\u00f3l, biol\u00f3gi\u00e1b\u00f3l, angol \u00e9s n\u00e9met nyelvszakk\u00f6r\u00f6k alakultak, rajzk\u00f6r, k\u00e9zm\u0171vesk\u00f6r, csillag\u00e1szk\u00f6r, sz\u00ednj\u00e1tsz\u00f3 \u00e9s dr\u00e1mak\u00f6r indult az Arany J\u00e1nos Elm\u00e9leti L\u00edceumban. A tehets\u00e9ggondoz\u00e1son k\u00edv\u00fcl felz\u00e1rk\u00f3ztat\u00f3 csoportok indultak rom\u00e1n nyelv \u00e9s irodalomb\u00f3l \u00e9s matematik\u00e1b\u00f3l. M\u00e1sodik f\u00e9l\u00e9vben \u00e9retts\u00e9gi felk\u00e9sz\u00edt\u0151 csoportok is indultak matematik\u00e1b\u00f3l, informatik\u00e1b\u00f3l, fizik\u00e1b\u00f3l, k\u00e9mi\u00e1b\u00f3l, biol\u00f3gi\u00e1b\u00f3l, t\u00f6rt\u00e9nelemb\u0151l, rom\u00e1n- \u00e9s magyar nyelv \u00e9s irodalomb\u00f3l.<br \/>3.\u00a0\u00a0\u00a0 A <strong>Pro Lyceum Tanulm\u00e1nyi<\/strong>, a <strong>Pro Lyceum Technikai, Pro Lyceum Tisztelet<\/strong> d\u00edjakat, <strong>Pro Lyceum Irodalmi<\/strong> \u00e9s <strong>Pro Lyceum Sportd\u00edjakat<\/strong> az ut\u00f3bbi 10 \u00e9vben minden tan\u00e9v v\u00e9g\u00e9n osztottuk ki azon v\u00e9gz\u0151s\u00f6knek, akik a n\u00e9gy gimn\u00e1ziumi \u00e9s k\u00f6z\u00e9piskolai \u00e9v alatt a legjobb eredm\u00e9nyeket \u00e9rt\u00e9k el az iskol\u00e1ban \u00e9s a k\u00fcl\u00f6nb\u00f6z\u0151 tanulm\u00e1nyi versenyeken.<br \/>4.\u00a0\u00a0\u00a0 Az elm\u00falt 10 \u00e9v legnagyobb eredm\u00e9nyeinek azt a sok megnyert p\u00e1ly\u00e1zatot tartjuk, mellyel egyes\u00fclet\u00fcnk nagyon sok extrakurrikul\u00e1ris tev\u00e9kenys\u00e9get finansz\u00edrozott ebben a peri\u00f3dusban. Majdnem minden \u00e9vben p\u00e1ly\u00e1ztunk a Bethlen G\u00e1bor Alapn\u00e1l, \u00edgy 10 nyertes p\u00e1ly\u00e1zatot bonyol\u00edtottunk le, melynek \u00f6ssz\u00e9rt\u00e9ke 8 milli\u00f3 ft. k\u00f6r\u00fcl van. N\u00e9gy nyertes p\u00e1ly\u00e1zatunk volt 2015-2018 k\u00f6z\u00f6tt a budapesti Nemzetstrat\u00e9giai Kutat\u00f3int\u00e9zetn\u00e9l (NSKI) \u00f6sszesen 5 milli\u00f3 ft. \u00e9rt\u00e9kben. Ezen p\u00e1ly\u00e1zatok keretein bel\u00fcl ingyenes felk\u00e9sz\u00edt\u0151ket tartottunk abban a peri\u00f3dusban a v\u00e9gz\u0151s\u00f6knek, matematik\u00e1b\u00f3l \u00e9s rom\u00e1n nyelv \u00e9s irodalomb\u00f3l. N\u00e9gy nyertes p\u00e1ly\u00e1zatunk volt a Bihar megyei tan\u00e1cs szoci\u00e1lis \u00e9s k\u00f6z\u00f6ss\u00e9gi r\u00e9szleg\u00e9n\u00e9l (DSC), melyek seg\u00edts\u00e9g\u00e9vel felszerel\u00e9seket v\u00e1s\u00e1roltunk a fizika, k\u00e9mia \u00e9s biol\u00f3gia laborok sz\u00e1m\u00e1ra, laptopokat vett\u00fcnk online okat\u00e1shoz, tan\u00e1rok tov\u00e1bbk\u00e9pz\u00e9s\u00e9t finansz\u00edroztuk \u00c9sztorsz\u00e1gban. Majdnem minden \u00e9vben p\u00e1ly\u00e1ztunk a helyi tan\u00e1csn\u00e1l \u00e9s mindig nyert\u00fcnk, \u00edgy az ut\u00f3bbi 10 \u00e9v nyertes p\u00e1ly\u00e1zatainak \u00f6ssz\u00e9rt\u00e9ke t\u00f6bb mint 50 000 lej. Ezt az \u00f6sszeget minden \u00e9vben a Tudom\u00e1nyos \u00e9s Kultur\u00e1lis Di\u00e1kkonferenci\u00e1k lebonyol\u00edt\u00e1s\u00e1ra ford\u00edtottuk. Ezen nagyobb p\u00e1ly\u00e1zatainkon k\u00edv\u00fcl sz\u00e1mos kisebb nyertes p\u00e1ly\u00e1zatunk is volt, \u00edgy tudtuk felszerelni a robotika m\u0171helyt 3D-s nyomtat\u00f3kkal, m\u0171k\u00f6dtett\u00fck a Kulin Gy\u00f6rgy Csillag\u00e1szk\u00f6rt \u00e9s elind\u00edtottuk az Arany r\u00e1di\u00f3t.<br \/>K\u00fcl\u00f6n szeretn\u00e9nk megk\u00f6sz\u00f6nni T\u00f6r\u00f6k L\u00e1szl\u00f3 polg\u00e1rmester \u00farnak \u00e9s a v\u00e1ros vezet\u0151s\u00e9g\u00e9nek a mindenkori t\u00e1mogat\u00e1st a k\u00fcl\u00f6nb\u00f6z\u0151 tev\u00e9kenys\u00e9gek lebonyol\u00edt\u00e1s\u00e1ban.<br \/>Ugyanakkor ez\u00faton szeretn\u00e9nk megk\u00f6sz\u00f6nni a v\u00e1ros egyes v\u00e1llalkoz\u00f3inak a t\u00e1mogat\u00e1s\u00e1t \u00e9s mindazoknak a tan\u00e1rkolleg\u00e1knak, sz\u00fcl\u0151knek, akik egys\u00fclet\u00fcnket t\u00e1mogatt\u00e1k j\u00f6vedelemad\u00f3juk 3,5%-\u00e1val, \u00e9s ezzel hozz\u00e1j\u00e1rultak t\u00f6bbek k\u00f6z\u00f6tt a fenti d\u00edjak kioszt\u00e1s\u00e1hoz \u00e9s tev\u00e9kenys\u00e9gek-p\u00e1ly\u00e1zatok lebonyol\u00edt\u00e1s\u00e1hoz is.<\/p><p>K\u00f6sz\u00f6nj\u00fck, \u00e9s sz\u00edvb\u0151l rem\u00e9lj\u00fck, hogy a j\u00f6v\u0151ben is sz\u00e1m\u00edthatunk majd az \u00d6n\u00f6k seg\u00edts\u00e9g\u00e9re!<\/p><div style=\"text-align: right;\">Kiss M\u00e1ria, a Pro Lyceum Alapitv\u00e1ny eln\u00f6ke<\/div>\t\t\t\t\t\t\t\t<\/div>\n\t\t\t\t<\/div>\n\t\t\t\t\t<\/div>\n\t\t<\/div>\n\t\t\t\t\t<\/div>\n\t\t<\/section>\n\t\t\t\t<section class=\"elementor-section elementor-top-section elementor-element elementor-element-472fbef0 elementor-section-content-middle elementor-section-boxed elementor-section-height-default elementor-section-height-default\" data-id=\"472fbef0\" data-element_type=\"section\" data-e-type=\"section\" data-settings=\"{&quot;background_background&quot;:&quot;classic&quot;}\">\n\t\t\t\t\t\t<div class=\"elementor-container elementor-column-gap-default\">\n\t\t\t\t\t<div class=\"elementor-column elementor-col-50 elementor-top-column elementor-element elementor-element-6b2cea43\" data-id=\"6b2cea43\" data-element_type=\"column\" data-e-type=\"column\">\n\t\t\t<div class=\"elementor-widget-wrap elementor-element-populated\">\n\t\t\t\t\t\t<div class=\"elementor-element elementor-element-40c241f7 elementor-widget elementor-widget-text-editor\" data-id=\"40c241f7\" data-element_type=\"widget\" data-e-type=\"widget\" data-widget_type=\"text-editor.default\">\n\t\t\t\t<div class=\"elementor-widget-container\">\n\t\t\t\t\t\t\t\t\t<p style=\"text-align: left;\"><span style=\"color: #ffffff;\">\u00a9 COPYRIGHT &#8211; ARANY J\u00c1NOS L\u00edCEUM 2023<\/span><\/p>\t\t\t\t\t\t\t\t<\/div>\n\t\t\t\t<\/div>\n\t\t\t\t\t<\/div>\n\t\t<\/div>\n\t\t\t\t<div class=\"elementor-column elementor-col-50 elementor-top-column elementor-element elementor-element-19ed6d31\" data-id=\"19ed6d31\" data-element_type=\"column\" data-e-type=\"column\">\n\t\t\t<div class=\"elementor-widget-wrap\">\n\t\t\t\t\t\t\t<\/div>\n\t\t<\/div>\n\t\t\t\t\t<\/div>\n\t\t<\/section>\n\t\t\t\t<\/div>\n\t\t","protected":false},"excerpt":{"rendered":"<p>A PRO LYCEUM Alap\u00edtv\u00e1ny az Arany J\u00e1nos Elm\u00e9leti L\u00edceum alap\u00edtv\u00e1nya A Pro Lyceum Alap\u00edtv\u00e1ny 2000-ben lett bejegyezve \u00e9s az Arany J\u00e1nos F\u0151gimn\u00e1zium tan\u00e1ri kar\u00e1nak 21 tagja alap\u00edtotta Kiss Ern\u0151 aligazgat\u00f3 kezdem\u00e9nyez\u00e9s\u00e9re, aki az alap\u00edtv\u00e1ny eln\u00f6ke volt 2000 \u00e9s 2005 k\u00f6z\u00f6tt. Ez\u00faton is szeretn\u00e9nk megeml\u00e9kezni Kiss Ern\u0151r\u0151l, aki \u00e1ldozatos \u00e9s kitart\u00f3 munk\u00e1j\u00e1val igyekezett megteremteni az anyagiakat [&hellip;]<\/p>\n","protected":false},"author":1,"featured_media":0,"parent":3897,"menu_order":0,"comment_status":"closed","ping_status":"closed","template":"","meta":{"ocean_post_layout":"full-screen","ocean_both_sidebars_style":"","ocean_both_sidebars_content_width":0,"ocean_both_sidebars_sidebars_width":0,"ocean_sidebar":"0","ocean_second_sidebar":"0","ocean_disable_margins":"enable","ocean_add_body_class":"","ocean_shortcode_before_top_bar":"","ocean_shortcode_after_top_bar":"","ocean_shortcode_before_header":"","ocean_shortcode_after_header":"","ocean_has_shortcode":"","ocean_shortcode_after_title":"","ocean_shortcode_before_footer_widgets":"","ocean_shortcode_after_footer_widgets":"","ocean_shortcode_before_footer_bottom":"","ocean_shortcode_after_footer_bottom":"","ocean_display_top_bar":"off","ocean_display_header":"on","ocean_header_style":"","ocean_center_header_left_menu":"0","ocean_custom_header_template":"0","ocean_custom_logo":0,"ocean_custom_retina_logo":0,"ocean_custom_logo_max_width":0,"ocean_custom_logo_tablet_max_width":0,"ocean_custom_logo_mobile_max_width":0,"ocean_custom_logo_max_height":0,"ocean_custom_logo_tablet_max_height":0,"ocean_custom_logo_mobile_max_height":0,"ocean_header_custom_menu":"0","ocean_menu_typo_font_family":"0","ocean_menu_typo_font_subset":"","ocean_menu_typo_font_size":0,"ocean_menu_typo_font_size_tablet":0,"ocean_menu_typo_font_size_mobile":0,"ocean_menu_typo_font_size_unit":"px","ocean_menu_typo_font_weight":"","ocean_menu_typo_font_weight_tablet":"","ocean_menu_typo_font_weight_mobile":"","ocean_menu_typo_transform":"","ocean_menu_typo_transform_tablet":"","ocean_menu_typo_transform_mobile":"","ocean_menu_typo_line_height":0,"ocean_menu_typo_line_height_tablet":0,"ocean_menu_typo_line_height_mobile":0,"ocean_menu_typo_line_height_unit":"","ocean_menu_typo_spacing":0,"ocean_menu_typo_spacing_tablet":0,"ocean_menu_typo_spacing_mobile":0,"ocean_menu_typo_spacing_unit":"","ocean_menu_link_color":"","ocean_menu_link_color_hover":"","ocean_menu_link_color_active":"","ocean_menu_link_background":"","ocean_menu_link_hover_background":"","ocean_menu_link_active_background":"","ocean_menu_social_links_bg":"","ocean_menu_social_hover_links_bg":"","ocean_menu_social_links_color":"","ocean_menu_social_hover_links_color":"","ocean_disable_title":"default","ocean_disable_heading":"default","ocean_post_title":"","ocean_post_subheading":"","ocean_post_title_style":"","ocean_post_title_background_color":"","ocean_post_title_background":0,"ocean_post_title_bg_image_position":"","ocean_post_title_bg_image_attachment":"","ocean_post_title_bg_image_repeat":"","ocean_post_title_bg_image_size":"","ocean_post_title_height":0,"ocean_post_title_bg_overlay":0.5,"ocean_post_title_bg_overlay_color":"","ocean_disable_breadcrumbs":"off","ocean_breadcrumbs_color":"","ocean_breadcrumbs_separator_color":"","ocean_breadcrumbs_links_color":"","ocean_breadcrumbs_links_hover_color":"","ocean_display_footer_widgets":"off","ocean_display_footer_bottom":"off","ocean_custom_footer_template":"0","footnotes":""},"class_list":["post-3924","page","type-page","status-publish","hentry","entry"],"_links":{"self":[{"href":"https:\/\/gsaranyjanos.ro\/index.php?rest_route=\/wp\/v2\/pages\/3924","targetHints":{"allow":["GET"]}}],"collection":[{"href":"https:\/\/gsaranyjanos.ro\/index.php?rest_route=\/wp\/v2\/pages"}],"about":[{"href":"https:\/\/gsaranyjanos.ro\/index.php?rest_route=\/wp\/v2\/types\/page"}],"author":[{"embeddable":true,"href":"https:\/\/gsaranyjanos.ro\/index.php?rest_route=\/wp\/v2\/users\/1"}],"replies":[{"embeddable":true,"href":"https:\/\/gsaranyjanos.ro\/index.php?rest_route=%2Fwp%2Fv2%2Fcomments&post=3924"}],"version-history":[{"count":4,"href":"https:\/\/gsaranyjanos.ro\/index.php?rest_route=\/wp\/v2\/pages\/3924\/revisions"}],"predecessor-version":[{"id":3928,"href":"https:\/\/gsaranyjanos.ro\/index.php?rest_route=\/wp\/v2\/pages\/3924\/revisions\/3928"}],"up":[{"embeddable":true,"href":"https:\/\/gsaranyjanos.ro\/index.php?rest_route=\/wp\/v2\/pages\/3897"}],"wp:attachment":[{"href":"https:\/\/gsaranyjanos.ro\/index.php?rest_route=%2Fwp%2Fv2%2Fmedia&parent=3924"}],"curies":[{"name":"wp","href":"https:\/\/api.w.org\/{rel}","templated":true}]}}