{"id":4256,"date":"2023-11-02T11:29:55","date_gmt":"2023-11-02T11:29:55","guid":{"rendered":"https:\/\/gsaranyjanos.ro\/?page_id=4256"},"modified":"2023-11-02T12:06:07","modified_gmt":"2023-11-02T12:06:07","slug":"ziarul-scolii","status":"publish","type":"page","link":"https:\/\/gsaranyjanos.ro\/?page_id=4256","title":{"rendered":"Ziarul scolii"},"content":{"rendered":"<div class=\"wp-block-image\">\n<figure class=\"aligncenter size-full is-resized\"><img decoding=\"async\" width=\"150\" height=\"59\" src=\"http:\/\/gsaranyjanos.ro\/wp-content\/uploads\/2021\/09\/lajk_ikon.gif\" alt=\"\" class=\"wp-image-1348\" style=\"width:240px;height:94px\"\/><\/figure>\n<\/div>\n\n<h1 align=\"center\"><strong>L\u00e1jkold \u2013 ziarul \u0219colii<\/strong><\/h1>\n<p align=\"justify\">De actualitate, bine preg\u0103tit, colorat, variat, interesant. Acestea sunt doar c\u00e2teva adjective care pot fi folosite pentru a face referire la ziarul \u0219colii noastre &#8220;L\u00e1jkold&#8221;. Desigur, totul vine din eforturile redactorilor, care au muncit din greu pentru a furniza cele mai recente informa\u021bii elevilor \u0219i profesorilor. Colectivul consider\u0103 c\u0103 sarcina lor principal\u0103 este de a trezi interesul publicului cititor, a\u0219a c\u0103 adaug\u0103 culoare lucr\u0103rii cu diverse rubrici \u0219i articole. Aici trebuie amintite descrierile din experien\u021ba proprie, recomand\u0103rile de filme \u0219i muzic\u0103, interviurile, operele de fic\u021biune, articolele despre stiluri de via\u021b\u0103 s\u0103n\u0103toase \u0219i sec\u021biunea de jocuri, at\u00e2t de popular\u0103 \u00een r\u00e2ndul tinerilor &#8220;informaticieni&#8221;. Pe l\u00e2ng\u0103 cuvintele dr\u0103gu\u021be, mai trebuie s\u0103 spunem c\u0103 ziarul \u0219colii a avut un \u00eenceput foarte greu, dar, dup\u0103 cum se spune \u201ea decolat repede\u201d.<\/p>\n<p align=\"justify\">\u00cendrum\u0103torii, Kiss M\u00e1ria , S\u00e1nta Elza Hajnalka \u0219i Czeg\u00e9 R\u00e9ka, au \u00eencercat mereu s\u0103 \u00eencurajeze elevii s\u0103-\u0219i depun\u0103 scrierile la ziar pentru a se al\u0103tura colectivului redac\u021bional.<\/p>\n<p class=\"style2\" align=\"justify\">\n\n\n<h2 class=\"wp-block-heading\">Anul \u0219colar 2013-2014<strong><strong>:<\/strong> <\/strong> <\/h2>\n\n\n\n<p>Redactor-\u0219ef: Bagosi Zs\u00f3fia<br>Redactor: Szil\u00e1gyi Norbert<\/p>\n\n\n\n<div class=\"wp-block-buttons is-layout-flex wp-block-buttons-is-layout-flex\">\n<div class=\"wp-block-button\"><a class=\"wp-block-button__link wp-element-button\" href=\"http:\/\/gsaranyjanos.ro\/wp-content\/uploads\/2021\/09\/lajk_iii_2.pdf\" target=\"_blank\" rel=\"noreferrer noopener\"> III. \u00e9vfolyam 1. sz\u00e1m <\/a><\/div>\n\n\n\n<div class=\"wp-block-button\"><a class=\"wp-block-button__link wp-element-button\" href=\"http:\/\/gsaranyjanos.ro\/wp-content\/uploads\/2021\/09\/lajk_iii_1.pdf\" target=\"_blank\" rel=\"noreferrer noopener\"> III. \u00e9vfolyam 2. sz\u00e1m <\/a><\/div>\n\n\n\n<div class=\"wp-block-button\"><a class=\"wp-block-button__link wp-element-button\" href=\"http:\/\/gsaranyjanos.ro\/wp-content\/uploads\/2021\/09\/lajk_iii_3.pdf\" target=\"_blank\" rel=\"noreferrer noopener\"> III. \u00e9vfolyam 3. sz\u00e1m <\/a><\/div>\n<\/div>\n\n\n\n<hr class=\"wp-block-separator has-css-opacity aligncenter is-style-wide\"\/>\n\n\n\n<h2 class=\"wp-block-heading\"><strong> Anul \u0219colar <strong>2012-2013:<\/strong> <\/strong><\/h2>\n\n\n\n<p>Redactor-\u0219ef: Bagosi Zs\u00f3fia<br>Redactor: Szil\u00e1gyi Norbert<\/p>\n\n\n\n<div class=\"wp-block-buttons is-layout-flex wp-block-buttons-is-layout-flex\">\n<div class=\"wp-block-button\"><a class=\"wp-block-button__link wp-element-button\" href=\"http:\/\/gsaranyjanos.ro\/wp-content\/uploads\/2021\/09\/lajk_ii_2.pdf\" target=\"_blank\" rel=\"noreferrer noopener\"> II. \u00e9vfolyam 1. sz\u00e1m <\/a><\/div>\n\n\n\n<div class=\"wp-block-button\"><a class=\"wp-block-button__link wp-element-button\" href=\"http:\/\/gsaranyjanos.ro\/wp-content\/uploads\/2021\/09\/lajk_ii_1.pdf\" target=\"_blank\" rel=\"noreferrer noopener\"> II. \u00e9vfolyam 2. sz\u00e1m <\/a><\/div>\n\n\n\n<div class=\"wp-block-button\"><a class=\"wp-block-button__link wp-element-button\" href=\"http:\/\/gsaranyjanos.ro\/wp-content\/uploads\/2021\/09\/lajk_ii_3.pdf\" target=\"_blank\" rel=\"noreferrer noopener\"> II. \u00e9vfolyam 3. sz\u00e1m <\/a><\/div>\n\n\n\n<div class=\"wp-block-button\"><a class=\"wp-block-button__link wp-element-button\" href=\"http:\/\/gsaranyjanos.ro\/wp-content\/uploads\/2021\/09\/lajk_ii_4_5.pdf\" target=\"_blank\" rel=\"noreferrer noopener\"> II. \u00e9vfolyam 4.-5. sz\u00e1m <\/a><\/div>\n\n\n\n<div class=\"wp-block-button\"><a class=\"wp-block-button__link wp-element-button\" href=\"http:\/\/gsaranyjanos.ro\/wp-content\/uploads\/2021\/09\/lajk_ii_6.pdf\" target=\"_blank\" rel=\"noreferrer noopener\"> II. \u00e9vfolyam 6. sz\u00e1m <\/a><\/div>\n<\/div>\n\n\n\n<hr class=\"wp-block-separator has-css-opacity aligncenter is-style-wide\"\/>\n\n\n\n<h2 class=\"wp-block-heading\">Anul \u0219colar <strong>2011-2012:<\/strong><\/h2>\n\n\n\n<p>Redactori-\u0219ef: Bagosi Zs\u00f3fia \u00e9s Kiss Annam\u00e1ria<br>Redactori: Dani \u00c9va, F\u0103rcu\u0163 Ren\u00e1ta, Korda Hajnalka, Krilek Yvett, Moldov\u00e1n Kitti, Nagy G\u00e1bor, Nagy Ingrid, Nagy Zsombor, Maurer Lajos, Tak\u00e1cs Emese, Szil\u00e1gyi Norbert, Szab\u00f3 Bettina, Sz\u00e9l \u00c1d\u00e1m, Szab\u00f3 Levente<\/p>\n\n\n\n<p>Redactori-\u0219ef: Bagosi Zs\u00f3fia \u00e9s Kiss Annam\u00e1ria<br>Redactori: Dani \u00c9va, F\u0103rcu\u0163 Ren\u00e1ta, Korda Hajnalka, Krilek Yvett, Moldov\u00e1n Kitti, Nagy G\u00e1bor, Nagy Ingrid, Nagy Zsombor, Maurer Lajos, Tak\u00e1cs Emese, Szil\u00e1gyi Norbert, Szab\u00f3 Bettina, Sz\u00e9l \u00c1d\u00e1m, Szab\u00f3 Levente<\/p>\n\n\n\n<div class=\"wp-block-buttons is-layout-flex wp-block-buttons-is-layout-flex\">\n<div class=\"wp-block-button\"><a class=\"wp-block-button__link wp-element-button\" href=\"http:\/\/gsaranyjanos.ro\/wp-content\/uploads\/2021\/09\/lajk_i_1.pdf\" target=\"_blank\" rel=\"noreferrer noopener\">I. \u00e9vfolyam 1. sz\u00e1m<\/a><\/div>\n\n\n\n<div class=\"wp-block-button\"><a class=\"wp-block-button__link wp-element-button\" href=\"http:\/\/gsaranyjanos.ro\/wp-content\/uploads\/2021\/09\/lajk_i_2.pdf\" target=\"_blank\" rel=\"noreferrer noopener\">I. \u00e9vfolyam 2. sz\u00e1m<\/a><\/div>\n\n\n\n<div class=\"wp-block-button\"><a class=\"wp-block-button__link wp-element-button\" href=\"http:\/\/gsaranyjanos.ro\/wp-content\/uploads\/2021\/09\/lajk_i_3.pdf\" target=\"_blank\" rel=\"noreferrer noopener\">I. \u00e9vfolyam 3. sz\u00e1m<\/a><\/div>\n\n\n\n<div class=\"wp-block-button\"><a class=\"wp-block-button__link wp-element-button\" href=\"http:\/\/gsaranyjanos.ro\/wp-content\/uploads\/2021\/09\/lajk_i_4_5.pdf\" target=\"_blank\" rel=\"noreferrer noopener\">I. \u00e9vfolyam 4.-5. sz\u00e1m<\/a><\/div>\n<\/div>\n\n\n\n<p><\/p>\n","protected":false},"excerpt":{"rendered":"<p>L\u00e1jkold \u2013 ziarul \u0219colii De actualitate, bine preg\u0103tit, colorat, variat, interesant. Acestea sunt doar c\u00e2teva adjective care pot fi folosite pentru a face referire la ziarul \u0219colii noastre &#8220;L\u00e1jkold&#8221;. Desigur, totul vine din eforturile redactorilor, care au muncit din greu pentru a furniza cele mai recente informa\u021bii elevilor \u0219i profesorilor. Colectivul consider\u0103 c\u0103 sarcina lor [&hellip;]<\/p>\n","protected":false},"author":1,"featured_media":0,"parent":4176,"menu_order":0,"comment_status":"closed","ping_status":"closed","template":"","meta":{"ocean_post_layout":"full-width","ocean_both_sidebars_style":"","ocean_both_sidebars_content_width":0,"ocean_both_sidebars_sidebars_width":0,"ocean_sidebar":"0","ocean_second_sidebar":"0","ocean_disable_margins":"enable","ocean_add_body_class":"","ocean_shortcode_before_top_bar":"","ocean_shortcode_after_top_bar":"","ocean_shortcode_before_header":"","ocean_shortcode_after_header":"","ocean_has_shortcode":"","ocean_shortcode_after_title":"","ocean_shortcode_before_footer_widgets":"","ocean_shortcode_after_footer_widgets":"","ocean_shortcode_before_footer_bottom":"","ocean_shortcode_after_footer_bottom":"","ocean_display_top_bar":"default","ocean_display_header":"default","ocean_header_style":"","ocean_center_header_left_menu":"0","ocean_custom_header_template":"0","ocean_custom_logo":0,"ocean_custom_retina_logo":0,"ocean_custom_logo_max_width":0,"ocean_custom_logo_tablet_max_width":0,"ocean_custom_logo_mobile_max_width":0,"ocean_custom_logo_max_height":0,"ocean_custom_logo_tablet_max_height":0,"ocean_custom_logo_mobile_max_height":0,"ocean_header_custom_menu":"42","ocean_menu_typo_font_family":"0","ocean_menu_typo_font_subset":"","ocean_menu_typo_font_size":0,"ocean_menu_typo_font_size_tablet":0,"ocean_menu_typo_font_size_mobile":0,"ocean_menu_typo_font_size_unit":"px","ocean_menu_typo_font_weight":"","ocean_menu_typo_font_weight_tablet":"","ocean_menu_typo_font_weight_mobile":"","ocean_menu_typo_transform":"","ocean_menu_typo_transform_tablet":"","ocean_menu_typo_transform_mobile":"","ocean_menu_typo_line_height":0,"ocean_menu_typo_line_height_tablet":0,"ocean_menu_typo_line_height_mobile":0,"ocean_menu_typo_line_height_unit":"","ocean_menu_typo_spacing":0,"ocean_menu_typo_spacing_tablet":0,"ocean_menu_typo_spacing_mobile":0,"ocean_menu_typo_spacing_unit":"","ocean_menu_link_color":"","ocean_menu_link_color_hover":"","ocean_menu_link_color_active":"","ocean_menu_link_background":"","ocean_menu_link_hover_background":"","ocean_menu_link_active_background":"","ocean_menu_social_links_bg":"","ocean_menu_social_hover_links_bg":"","ocean_menu_social_links_color":"","ocean_menu_social_hover_links_color":"","ocean_disable_title":"default","ocean_disable_heading":"default","ocean_post_title":"","ocean_post_subheading":"","ocean_post_title_style":"","ocean_post_title_background_color":"","ocean_post_title_background":0,"ocean_post_title_bg_image_position":"","ocean_post_title_bg_image_attachment":"","ocean_post_title_bg_image_repeat":"","ocean_post_title_bg_image_size":"","ocean_post_title_height":0,"ocean_post_title_bg_overlay":0.5,"ocean_post_title_bg_overlay_color":"","ocean_disable_breadcrumbs":"off","ocean_breadcrumbs_color":"","ocean_breadcrumbs_separator_color":"","ocean_breadcrumbs_links_color":"","ocean_breadcrumbs_links_hover_color":"","ocean_display_footer_widgets":"default","ocean_display_footer_bottom":"default","ocean_custom_footer_template":"0","footnotes":""},"class_list":["post-4256","page","type-page","status-publish","hentry","entry"],"_links":{"self":[{"href":"https:\/\/gsaranyjanos.ro\/index.php?rest_route=\/wp\/v2\/pages\/4256","targetHints":{"allow":["GET"]}}],"collection":[{"href":"https:\/\/gsaranyjanos.ro\/index.php?rest_route=\/wp\/v2\/pages"}],"about":[{"href":"https:\/\/gsaranyjanos.ro\/index.php?rest_route=\/wp\/v2\/types\/page"}],"author":[{"embeddable":true,"href":"https:\/\/gsaranyjanos.ro\/index.php?rest_route=\/wp\/v2\/users\/1"}],"replies":[{"embeddable":true,"href":"https:\/\/gsaranyjanos.ro\/index.php?rest_route=%2Fwp%2Fv2%2Fcomments&post=4256"}],"version-history":[{"count":11,"href":"https:\/\/gsaranyjanos.ro\/index.php?rest_route=\/wp\/v2\/pages\/4256\/revisions"}],"predecessor-version":[{"id":4282,"href":"https:\/\/gsaranyjanos.ro\/index.php?rest_route=\/wp\/v2\/pages\/4256\/revisions\/4282"}],"up":[{"embeddable":true,"href":"https:\/\/gsaranyjanos.ro\/index.php?rest_route=\/wp\/v2\/pages\/4176"}],"wp:attachment":[{"href":"https:\/\/gsaranyjanos.ro\/index.php?rest_route=%2Fwp%2Fv2%2Fmedia&parent=4256"}],"curies":[{"name":"wp","href":"https:\/\/api.w.org\/{rel}","templated":true}]}}