{"id":4770,"date":"2023-11-13T18:35:20","date_gmt":"2023-11-13T18:35:20","guid":{"rendered":"https:\/\/gsaranyjanos.ro\/?page_id=4770"},"modified":"2025-10-04T19:07:07","modified_gmt":"2025-10-04T19:07:07","slug":"iskolai","status":"publish","type":"page","link":"https:\/\/gsaranyjanos.ro\/?page_id=4770","title":{"rendered":"Iskolai"},"content":{"rendered":"\t\t<div data-elementor-type=\"wp-page\" data-elementor-id=\"4770\" class=\"elementor elementor-4770\">\n\t\t\t\t\t\t<section class=\"elementor-section elementor-top-section elementor-element elementor-element-24e4d5c elementor-section-boxed elementor-section-height-default elementor-section-height-default\" data-id=\"24e4d5c\" data-element_type=\"section\" data-e-type=\"section\">\n\t\t\t\t\t\t<div class=\"elementor-container elementor-column-gap-default\">\n\t\t\t\t\t<div class=\"elementor-column elementor-col-100 elementor-top-column elementor-element elementor-element-d367d48\" data-id=\"d367d48\" data-element_type=\"column\" data-e-type=\"column\">\n\t\t\t<div class=\"elementor-widget-wrap elementor-element-populated\">\n\t\t\t\t\t\t<div class=\"elementor-element elementor-element-6df0f75 elementor-widget elementor-widget-heading\" data-id=\"6df0f75\" data-element_type=\"widget\" data-e-type=\"widget\" data-widget_type=\"heading.default\">\n\t\t\t\t<div class=\"elementor-widget-container\">\n\t\t\t\t\t<h2 class=\"elementor-heading-title elementor-size-default\">2025-2026<\/h2>\t\t\t\t<\/div>\n\t\t\t\t<\/div>\n\t\t\t\t<div class=\"elementor-element elementor-element-651518a elementor-widget elementor-widget-text-editor\" data-id=\"651518a\" data-element_type=\"widget\" data-e-type=\"widget\" data-widget_type=\"text-editor.default\">\n\t\t\t\t<div class=\"elementor-widget-container\">\n\t\t\t\t\t\t\t\t\t<ul><li><a href=\"https:\/\/gsaranyjanos.ro\/wp-content\/uploads\/2025\/10\/Transparenta-salariala-sept.-2025.pdf\" target=\"_blank\" rel=\"noopener\">B\u00e9rek \u00e1tl\u00e1that\u00f3s\u00e1ga 2025 szeptember<\/a><\/li><\/ul>\t\t\t\t\t\t\t\t<\/div>\n\t\t\t\t<\/div>\n\t\t\t\t\t<\/div>\n\t\t<\/div>\n\t\t\t\t\t<\/div>\n\t\t<\/section>\n\t\t\t\t<section class=\"elementor-section elementor-top-section elementor-element elementor-element-7a64714 elementor-section-boxed elementor-section-height-default elementor-section-height-default\" data-id=\"7a64714\" data-element_type=\"section\" data-e-type=\"section\">\n\t\t\t\t\t\t<div class=\"elementor-container elementor-column-gap-default\">\n\t\t\t\t\t<div class=\"elementor-column elementor-col-100 elementor-top-column elementor-element elementor-element-3e0abdc\" data-id=\"3e0abdc\" data-element_type=\"column\" data-e-type=\"column\">\n\t\t\t<div class=\"elementor-widget-wrap elementor-element-populated\">\n\t\t\t\t\t\t<div class=\"elementor-element elementor-element-1b35e30 elementor-widget-divider--view-line elementor-widget elementor-widget-divider\" data-id=\"1b35e30\" data-element_type=\"widget\" data-e-type=\"widget\" data-widget_type=\"divider.default\">\n\t\t\t\t<div class=\"elementor-widget-container\">\n\t\t\t\t\t\t\t<div class=\"elementor-divider\">\n\t\t\t<span class=\"elementor-divider-separator\">\n\t\t\t\t\t\t<\/span>\n\t\t<\/div>\n\t\t\t\t\t\t<\/div>\n\t\t\t\t<\/div>\n\t\t\t\t\t<\/div>\n\t\t<\/div>\n\t\t\t\t\t<\/div>\n\t\t<\/section>\n\t\t\t\t<section class=\"elementor-section elementor-top-section elementor-element elementor-element-6c980f6 elementor-section-boxed elementor-section-height-default elementor-section-height-default\" data-id=\"6c980f6\" data-element_type=\"section\" data-e-type=\"section\">\n\t\t\t\t\t\t<div class=\"elementor-container elementor-column-gap-default\">\n\t\t\t\t\t<div class=\"elementor-column elementor-col-100 elementor-top-column elementor-element elementor-element-315ab10\" data-id=\"315ab10\" data-element_type=\"column\" data-e-type=\"column\">\n\t\t\t<div class=\"elementor-widget-wrap elementor-element-populated\">\n\t\t\t\t\t\t<div class=\"elementor-element elementor-element-6f0f3ba elementor-widget elementor-widget-heading\" data-id=\"6f0f3ba\" data-element_type=\"widget\" data-e-type=\"widget\" data-widget_type=\"heading.default\">\n\t\t\t\t<div class=\"elementor-widget-container\">\n\t\t\t\t\t<h2 class=\"elementor-heading-title elementor-size-default\">2023-2024<\/h2>\t\t\t\t<\/div>\n\t\t\t\t<\/div>\n\t\t\t\t<div class=\"elementor-element elementor-element-b6859f5 elementor-widget elementor-widget-text-editor\" data-id=\"b6859f5\" data-element_type=\"widget\" data-e-type=\"widget\" data-widget_type=\"text-editor.default\">\n\t\t\t\t<div class=\"elementor-widget-container\">\n\t\t\t\t\t\t\t\t\t<ul><li><a href=\"http:\/\/gsaranyjanos.ro\/wp-content\/uploads\/2023\/11\/organigrama.pdf\" target=\"_blank\" rel=\"noopener\">Szervezeti fel\u00e9p\u00edt\u00e9s<\/a>\u00a0<\/li><li><a href=\"http:\/\/gsaranyjanos.ro\/wp-content\/uploads\/2023\/11\/RAEI-2022-2023-img.pdf\" target=\"_blank\" rel=\"noopener\">RAEI: Bels\u0151 min\u0151s\u00e9g\u00e9rt\u00e9kel\u00e9si jelent\u00e9s 2022-2023<\/a>\u00a0<\/li><li><a href=\"http:\/\/gsaranyjanos.ro\/wp-content\/uploads\/2023\/11\/Regulament-de-organizare-si-functionare-2023-2024.pdf\" target=\"_blank\" rel=\"noopener\">ROFUIP: Szervez\u00e9si \u00e9s m\u0171k\u00f6d\u00e9si szab\u00e1lyzat<\/a>\u00a0<\/li><li><a href=\"http:\/\/gsaranyjanos.ro\/wp-content\/uploads\/2023\/11\/regulament-intern-2023-2024.pdf\" target=\"_blank\" rel=\"noopener\">Bels\u0151 szab\u00e1lyzat<\/a>\u00a0<\/li><li><a href=\"http:\/\/gsaranyjanos.ro\/wp-content\/uploads\/2023\/11\/ROI_-internat-rev.doc-23-24-img.pdf\" target=\"_blank\" rel=\"noopener\">Bentlak\u00e1s m\u0171k\u00f6d\u00e9si szab\u00e1lyzata<\/a>\u00a0<\/li><li><a href=\"http:\/\/gsaranyjanos.ro\/wp-content\/uploads\/2023\/11\/PDI_2023_2024-img.pdf\" target=\"_blank\" rel=\"noopener\">Int\u00e9zm\u00e9nyfejleszt\u00e9si terv<\/a>\u00a0<\/li><li><a href=\"http:\/\/gsaranyjanos.ro\/wp-content\/uploads\/2023\/11\/raport-calitatea-educatiei-2022-2023-img.pdf\" target=\"_blank\" rel=\"noopener\">Besz\u00e1mol\u00f3 az oktat\u00e1s min\u0151s\u00e9g\u00e9r\u0151l 2022-2023<\/a>\u00a0<\/li><\/ul>\t\t\t\t\t\t\t\t<\/div>\n\t\t\t\t<\/div>\n\t\t\t\t\t<\/div>\n\t\t<\/div>\n\t\t\t\t\t<\/div>\n\t\t<\/section>\n\t\t\t\t<section class=\"elementor-section elementor-top-section elementor-element elementor-element-afa5c2c elementor-section-boxed elementor-section-height-default elementor-section-height-default\" data-id=\"afa5c2c\" data-element_type=\"section\" data-e-type=\"section\">\n\t\t\t\t\t\t<div class=\"elementor-container elementor-column-gap-default\">\n\t\t\t\t\t<div class=\"elementor-column elementor-col-100 elementor-top-column elementor-element elementor-element-11b76bb\" data-id=\"11b76bb\" data-element_type=\"column\" data-e-type=\"column\">\n\t\t\t<div class=\"elementor-widget-wrap elementor-element-populated\">\n\t\t\t\t\t\t<div class=\"elementor-element elementor-element-ffa2fae elementor-widget-divider--view-line elementor-widget elementor-widget-divider\" data-id=\"ffa2fae\" data-element_type=\"widget\" data-e-type=\"widget\" data-widget_type=\"divider.default\">\n\t\t\t\t<div class=\"elementor-widget-container\">\n\t\t\t\t\t\t\t<div class=\"elementor-divider\">\n\t\t\t<span class=\"elementor-divider-separator\">\n\t\t\t\t\t\t<\/span>\n\t\t<\/div>\n\t\t\t\t\t\t<\/div>\n\t\t\t\t<\/div>\n\t\t\t\t\t<\/div>\n\t\t<\/div>\n\t\t\t\t\t<\/div>\n\t\t<\/section>\n\t\t\t\t<section class=\"elementor-section elementor-top-section elementor-element elementor-element-f7c5b47 elementor-section-boxed elementor-section-height-default elementor-section-height-default\" data-id=\"f7c5b47\" data-element_type=\"section\" data-e-type=\"section\">\n\t\t\t\t\t\t<div class=\"elementor-container elementor-column-gap-default\">\n\t\t\t\t\t<div class=\"elementor-column elementor-col-100 elementor-top-column elementor-element elementor-element-59a243b\" data-id=\"59a243b\" data-element_type=\"column\" data-e-type=\"column\">\n\t\t\t<div class=\"elementor-widget-wrap elementor-element-populated\">\n\t\t\t\t\t\t<div class=\"elementor-element elementor-element-ba04369 elementor-widget elementor-widget-heading\" data-id=\"ba04369\" data-element_type=\"widget\" data-e-type=\"widget\" data-widget_type=\"heading.default\">\n\t\t\t\t<div class=\"elementor-widget-container\">\n\t\t\t\t\t<h2 class=\"elementor-heading-title elementor-size-default\">2022-2023<\/h2>\t\t\t\t<\/div>\n\t\t\t\t<\/div>\n\t\t\t\t<div class=\"elementor-element elementor-element-c6c3684 elementor-widget elementor-widget-text-editor\" data-id=\"c6c3684\" data-element_type=\"widget\" data-e-type=\"widget\" data-widget_type=\"text-editor.default\">\n\t\t\t\t<div class=\"elementor-widget-container\">\n\t\t\t\t\t\t\t\t\t<ul><li>\u00a0<a href=\"http:\/\/gsaranyjanos.ro\/wp-content\/uploads\/2023\/11\/RAEI-2021_2022-img.pdf\" target=\"_blank\" rel=\"noopener\">RAEI: Bels\u0151 min\u0151s\u00e9g\u00e9rt\u00e9kel\u00e9si jelent\u00e9s 2021-2022<\/a>\u00a0<\/li><\/ul>\t\t\t\t\t\t\t\t<\/div>\n\t\t\t\t<\/div>\n\t\t\t\t<div class=\"elementor-element elementor-element-e1d8e64 elementor-widget-divider--view-line elementor-widget elementor-widget-divider\" data-id=\"e1d8e64\" data-element_type=\"widget\" data-e-type=\"widget\" data-widget_type=\"divider.default\">\n\t\t\t\t<div class=\"elementor-widget-container\">\n\t\t\t\t\t\t\t<div class=\"elementor-divider\">\n\t\t\t<span class=\"elementor-divider-separator\">\n\t\t\t\t\t\t<\/span>\n\t\t<\/div>\n\t\t\t\t\t\t<\/div>\n\t\t\t\t<\/div>\n\t\t\t\t\t<\/div>\n\t\t<\/div>\n\t\t\t\t\t<\/div>\n\t\t<\/section>\n\t\t\t\t<section class=\"elementor-section elementor-top-section elementor-element elementor-element-3173293 elementor-section-boxed elementor-section-height-default elementor-section-height-default\" data-id=\"3173293\" data-element_type=\"section\" data-e-type=\"section\">\n\t\t\t\t\t\t<div class=\"elementor-container elementor-column-gap-default\">\n\t\t\t\t\t<div class=\"elementor-column elementor-col-100 elementor-top-column elementor-element elementor-element-b374335\" data-id=\"b374335\" data-element_type=\"column\" data-e-type=\"column\">\n\t\t\t<div class=\"elementor-widget-wrap elementor-element-populated\">\n\t\t\t\t\t\t<div class=\"elementor-element elementor-element-2ccb195 elementor-widget elementor-widget-heading\" data-id=\"2ccb195\" data-element_type=\"widget\" data-e-type=\"widget\" data-widget_type=\"heading.default\">\n\t\t\t\t<div class=\"elementor-widget-container\">\n\t\t\t\t\t<h2 class=\"elementor-heading-title elementor-size-default\">2021-2022<\/h2>\t\t\t\t<\/div>\n\t\t\t\t<\/div>\n\t\t\t\t<div class=\"elementor-element elementor-element-4ce8d9a elementor-widget elementor-widget-text-editor\" data-id=\"4ce8d9a\" data-element_type=\"widget\" data-e-type=\"widget\" data-widget_type=\"text-editor.default\">\n\t\t\t\t<div class=\"elementor-widget-container\">\n\t\t\t\t\t\t\t\t\t<ul><li>\u00a0<a href=\"http:\/\/gsaranyjanos.ro\/wp-content\/uploads\/2023\/11\/RAEI-2020_2021-img.pdf\" target=\"_blank\" rel=\"noopener\">RAEI: Bels\u0151 min\u0151s\u00e9g\u00e9rt\u00e9kel\u00e9si jelent\u00e9s 2020-2021<\/a> \u00a0<\/li><\/ul>\t\t\t\t\t\t\t\t<\/div>\n\t\t\t\t<\/div>\n\t\t\t\t\t<\/div>\n\t\t<\/div>\n\t\t\t\t\t<\/div>\n\t\t<\/section>\n\t\t\t\t<\/div>\n\t\t","protected":false},"excerpt":{"rendered":"<p>2025-2026 B\u00e9rek \u00e1tl\u00e1that\u00f3s\u00e1ga 2025 szeptember 2023-2024 Szervezeti fel\u00e9p\u00edt\u00e9s\u00a0 RAEI: Bels\u0151 min\u0151s\u00e9g\u00e9rt\u00e9kel\u00e9si jelent\u00e9s 2022-2023\u00a0 ROFUIP: Szervez\u00e9si \u00e9s m\u0171k\u00f6d\u00e9si szab\u00e1lyzat\u00a0 Bels\u0151 szab\u00e1lyzat\u00a0 Bentlak\u00e1s m\u0171k\u00f6d\u00e9si szab\u00e1lyzata\u00a0 Int\u00e9zm\u00e9nyfejleszt\u00e9si terv\u00a0 Besz\u00e1mol\u00f3 az oktat\u00e1s min\u0151s\u00e9g\u00e9r\u0151l 2022-2023\u00a0 2022-2023 \u00a0RAEI: Bels\u0151 min\u0151s\u00e9g\u00e9rt\u00e9kel\u00e9si jelent\u00e9s 2021-2022\u00a0 2021-2022 \u00a0RAEI: Bels\u0151 min\u0151s\u00e9g\u00e9rt\u00e9kel\u00e9si jelent\u00e9s 2020-2021 \u00a0<\/p>\n","protected":false},"author":1,"featured_media":0,"parent":1516,"menu_order":0,"comment_status":"closed","ping_status":"closed","template":"","meta":{"ocean_post_layout":"full-width","ocean_both_sidebars_style":"","ocean_both_sidebars_content_width":0,"ocean_both_sidebars_sidebars_width":0,"ocean_sidebar":"0","ocean_second_sidebar":"0","ocean_disable_margins":"enable","ocean_add_body_class":"","ocean_shortcode_before_top_bar":"","ocean_shortcode_after_top_bar":"","ocean_shortcode_before_header":"","ocean_shortcode_after_header":"","ocean_has_shortcode":"","ocean_shortcode_after_title":"","ocean_shortcode_before_footer_widgets":"","ocean_shortcode_after_footer_widgets":"","ocean_shortcode_before_footer_bottom":"","ocean_shortcode_after_footer_bottom":"","ocean_display_top_bar":"default","ocean_display_header":"default","ocean_header_style":"","ocean_center_header_left_menu":"0","ocean_custom_header_template":"0","ocean_custom_logo":0,"ocean_custom_retina_logo":0,"ocean_custom_logo_max_width":0,"ocean_custom_logo_tablet_max_width":0,"ocean_custom_logo_mobile_max_width":0,"ocean_custom_logo_max_height":0,"ocean_custom_logo_tablet_max_height":0,"ocean_custom_logo_mobile_max_height":0,"ocean_header_custom_menu":"0","ocean_menu_typo_font_family":"0","ocean_menu_typo_font_subset":"","ocean_menu_typo_font_size":0,"ocean_menu_typo_font_size_tablet":0,"ocean_menu_typo_font_size_mobile":0,"ocean_menu_typo_font_size_unit":"px","ocean_menu_typo_font_weight":"","ocean_menu_typo_font_weight_tablet":"","ocean_menu_typo_font_weight_mobile":"","ocean_menu_typo_transform":"","ocean_menu_typo_transform_tablet":"","ocean_menu_typo_transform_mobile":"","ocean_menu_typo_line_height":0,"ocean_menu_typo_line_height_tablet":0,"ocean_menu_typo_line_height_mobile":0,"ocean_menu_typo_line_height_unit":"","ocean_menu_typo_spacing":0,"ocean_menu_typo_spacing_tablet":0,"ocean_menu_typo_spacing_mobile":0,"ocean_menu_typo_spacing_unit":"","ocean_menu_link_color":"","ocean_menu_link_color_hover":"","ocean_menu_link_color_active":"","ocean_menu_link_background":"","ocean_menu_link_hover_background":"","ocean_menu_link_active_background":"","ocean_menu_social_links_bg":"","ocean_menu_social_hover_links_bg":"","ocean_menu_social_links_color":"","ocean_menu_social_hover_links_color":"","ocean_disable_title":"default","ocean_disable_heading":"default","ocean_post_title":"","ocean_post_subheading":"","ocean_post_title_style":"","ocean_post_title_background_color":"","ocean_post_title_background":0,"ocean_post_title_bg_image_position":"","ocean_post_title_bg_image_attachment":"","ocean_post_title_bg_image_repeat":"","ocean_post_title_bg_image_size":"","ocean_post_title_height":0,"ocean_post_title_bg_overlay":0.5,"ocean_post_title_bg_overlay_color":"","ocean_disable_breadcrumbs":"default","ocean_breadcrumbs_color":"","ocean_breadcrumbs_separator_color":"","ocean_breadcrumbs_links_color":"","ocean_breadcrumbs_links_hover_color":"","ocean_display_footer_widgets":"default","ocean_display_footer_bottom":"default","ocean_custom_footer_template":"0","footnotes":""},"class_list":["post-4770","page","type-page","status-publish","hentry","entry"],"_links":{"self":[{"href":"https:\/\/gsaranyjanos.ro\/index.php?rest_route=\/wp\/v2\/pages\/4770","targetHints":{"allow":["GET"]}}],"collection":[{"href":"https:\/\/gsaranyjanos.ro\/index.php?rest_route=\/wp\/v2\/pages"}],"about":[{"href":"https:\/\/gsaranyjanos.ro\/index.php?rest_route=\/wp\/v2\/types\/page"}],"author":[{"embeddable":true,"href":"https:\/\/gsaranyjanos.ro\/index.php?rest_route=\/wp\/v2\/users\/1"}],"replies":[{"embeddable":true,"href":"https:\/\/gsaranyjanos.ro\/index.php?rest_route=%2Fwp%2Fv2%2Fcomments&post=4770"}],"version-history":[{"count":27,"href":"https:\/\/gsaranyjanos.ro\/index.php?rest_route=\/wp\/v2\/pages\/4770\/revisions"}],"predecessor-version":[{"id":7487,"href":"https:\/\/gsaranyjanos.ro\/index.php?rest_route=\/wp\/v2\/pages\/4770\/revisions\/7487"}],"up":[{"embeddable":true,"href":"https:\/\/gsaranyjanos.ro\/index.php?rest_route=\/wp\/v2\/pages\/1516"}],"wp:attachment":[{"href":"https:\/\/gsaranyjanos.ro\/index.php?rest_route=%2Fwp%2Fv2%2Fmedia&parent=4770"}],"curies":[{"name":"wp","href":"https:\/\/api.w.org\/{rel}","templated":true}]}}