{"id":6771,"date":"2025-09-19T07:55:37","date_gmt":"2025-09-19T07:55:37","guid":{"rendered":"https:\/\/gsaranyjanos.ro\/?page_id=6771"},"modified":"2026-03-02T10:52:04","modified_gmt":"2026-03-02T10:52:04","slug":"erasmus","status":"publish","type":"page","link":"https:\/\/gsaranyjanos.ro\/?page_id=6771","title":{"rendered":"Erasmus+_ro"},"content":{"rendered":"\t\t<div data-elementor-type=\"wp-page\" data-elementor-id=\"6771\" class=\"elementor elementor-6771\">\n\t\t\t\t\t\t<section class=\"elementor-section elementor-top-section elementor-element elementor-element-f0aa2d8 elementor-section-boxed elementor-section-height-default elementor-section-height-default\" data-id=\"f0aa2d8\" data-element_type=\"section\" data-e-type=\"section\">\n\t\t\t\t\t\t<div class=\"elementor-container elementor-column-gap-default\">\n\t\t\t\t\t<div class=\"elementor-column elementor-col-100 elementor-top-column elementor-element elementor-element-9bf4a33\" data-id=\"9bf4a33\" data-element_type=\"column\" data-e-type=\"column\">\n\t\t\t<div class=\"elementor-widget-wrap elementor-element-populated\">\n\t\t\t\t\t\t<div class=\"elementor-element elementor-element-6404f86 elementor-widget elementor-widget-text-editor\" data-id=\"6404f86\" data-element_type=\"widget\" data-e-type=\"widget\" data-widget_type=\"text-editor.default\">\n\t\t\t\t<div class=\"elementor-widget-container\">\n\t\t\t\t\t\t\t\t\t<p style=\"text-align: center;\"><img decoding=\"async\" class=\"size-medium wp-image-7039 aligncenter\" src=\"https:\/\/gsaranyjanos.ro\/wp-content\/uploads\/2025\/10\/RO_Co-fundedbytheEU_RGB_POS-300x67.png\" alt=\"\" width=\"300\" height=\"67\" \/><\/p><p style=\"text-align: center;\">ANUN\u021a PROIECT DE MOBILITATE ERASMUS PLUS 2025-2026<br \/>2025-1-RO01-KA122-VET-000312410<\/p><p style=\"text-align: left;\"><strong>Titlul proiectului:<\/strong> S\u0103 fim cet\u0103\u021beni europeni competitivi pe pia\u021ba muncii!<br \/><strong>Beneficiar:<\/strong> Liceul Teoretic \u201eArany J\u00e1nos\u201d<\/p>\t\t\t\t\t\t\t\t<\/div>\n\t\t\t\t<\/div>\n\t\t\t\t\t<\/div>\n\t\t<\/div>\n\t\t\t\t\t<\/div>\n\t\t<\/section>\n\t\t\t\t<section class=\"elementor-section elementor-top-section elementor-element elementor-element-5b79b864 elementor-section-boxed elementor-section-height-default elementor-section-height-default\" data-id=\"5b79b864\" data-element_type=\"section\" data-e-type=\"section\">\n\t\t\t\t\t\t<div class=\"elementor-container elementor-column-gap-default\">\n\t\t\t\t\t<div class=\"elementor-column elementor-col-100 elementor-top-column elementor-element elementor-element-7bdad4d3\" data-id=\"7bdad4d3\" data-element_type=\"column\" data-e-type=\"column\">\n\t\t\t<div class=\"elementor-widget-wrap elementor-element-populated\">\n\t\t\t\t\t\t<div class=\"elementor-element elementor-element-655940da eael-dt-th-align-center elementor-widget__width-initial eael-table-align-center elementor-widget elementor-widget-eael-data-table\" data-id=\"655940da\" data-element_type=\"widget\" data-e-type=\"widget\" data-widget_type=\"eael-data-table.default\">\n\t\t\t\t<div class=\"elementor-widget-container\">\n\t\t\t\t\t\t\t<div class=\"eael-data-table-wrap\" data-table_id=\"655940da\" id=\"eael-data-table-wrapper-655940da\" data-custom_responsive=\"false\">\n\t\t\t<table class=\"tablesorter eael-data-table center\" id=\"eael-data-table-655940da\">\n\t\t\t    <thead>\n\t\t\t        <tr class=\"table-header\">\n\t\t\t\t\t\t\t\t\t            <th class=\"\" id=\"\" colspan=\"\">\n\t\t\t\t\t\t\t\t\t\t\t\t\t\t<span class=\"data-table-header-text\"><\/span><\/th>\n\t\t\t        \t\t\t\t            <th class=\"\" id=\"\" colspan=\"\">\n\t\t\t\t\t\t\t\t\t\t\t\t\t\t<span class=\"data-table-header-text\">Fluxul 1<\/span><\/th>\n\t\t\t        \t\t\t\t            <th class=\"\" id=\"\" colspan=\"\">\n\t\t\t\t\t\t\t\t\t\t\t\t\t\t<span class=\"data-table-header-text\">Fluxul 2<\/span><\/th>\n\t\t\t        \t\t\t\t        <\/tr>\n\t\t\t    <\/thead>\n\t\t\t  \t<tbody>\n\t\t\t\t\t\t\t\t\t\t\t<tr>\n\t\t\t\t\t\t\t\t\t\t\t\t\t\t\t\t   \t\t\t\t\t\t\t\t\t\t\t<td colspan=\"\" rowspan=\"\" class=\"\" id=\"\">\n\t\t\t\t\t\t\t\t\t\t\t\t<div class=\"td-content-wrapper\"><div class=\"td-content\">\n\t\t\t\t\t\t\t\t\t\t\t\t\tDepunerea dosarelor\t\t\t\t\t\t\t\t\t\t\t\t<\/div><\/div>\n\t\t\t\t\t\t\t\t\t\t\t<\/td>\n\t\t\t\t\t\t\t\t\t\t\t\t\t\t\t\t\t\t\t\t\t\t\t\t\t\t\t\t\t   \t\t\t\t\t\t\t\t\t\t\t<td colspan=\"\" rowspan=\"\" class=\"\" id=\"\">\n\t\t\t\t\t\t\t\t\t\t\t\t<div class=\"td-content-wrapper\"><div class=\"td-content\">\n\t\t\t\t\t\t\t\t\t\t\t\t\t1 \u2013 15 octombrie 2025\t\t\t\t\t\t\t\t\t\t\t\t<\/div><\/div>\n\t\t\t\t\t\t\t\t\t\t\t<\/td>\n\t\t\t\t\t\t\t\t\t\t\t\t\t\t\t\t\t\t\t\t\t\t\t\t\t\t\t\t\t   \t\t\t\t\t\t\t\t\t\t\t<td colspan=\"\" rowspan=\"\" class=\"\" id=\"\">\n\t\t\t\t\t\t\t\t\t\t\t\t<div class=\"td-content-wrapper\"><div class=\"td-content\">\n\t\t\t\t\t\t\t\t\t\t\t\t\t1 \u2013 15 mai 2026\t\t\t\t\t\t\t\t\t\t\t\t<\/div><\/div>\n\t\t\t\t\t\t\t\t\t\t\t<\/td>\n\t\t\t\t\t\t\t\t\t\t\t\t\t\t\t\t\t\t\t\t\t\t\t\t\t\t<\/tr>\n\t\t\t        \t\t\t\t\t\t<tr>\n\t\t\t\t\t\t\t\t\t\t\t\t\t\t\t\t   \t\t\t\t\t\t\t\t\t\t\t<td colspan=\"\" rowspan=\"\" class=\"\" id=\"\">\n\t\t\t\t\t\t\t\t\t\t\t\t<div class=\"td-content-wrapper\"><div class=\"td-content\">\n\t\t\t\t\t\t\t\t\t\t\t\t\tInterviu\t\t\t\t\t\t\t\t\t\t\t\t<\/div><\/div>\n\t\t\t\t\t\t\t\t\t\t\t<\/td>\n\t\t\t\t\t\t\t\t\t\t\t\t\t\t\t\t\t\t\t\t\t\t\t\t\t\t\t\t\t   \t\t\t\t\t\t\t\t\t\t\t<td colspan=\"\" rowspan=\"\" class=\"\" id=\"\">\n\t\t\t\t\t\t\t\t\t\t\t\t<div class=\"td-content-wrapper\"><div class=\"td-content\">\n\t\t\t\t\t\t\t\t\t\t\t\t\t15 octombrie 2025\t\t\t\t\t\t\t\t\t\t\t\t<\/div><\/div>\n\t\t\t\t\t\t\t\t\t\t\t<\/td>\n\t\t\t\t\t\t\t\t\t\t\t\t\t\t\t\t\t\t\t\t\t\t\t\t\t\t\t\t\t   \t\t\t\t\t\t\t\t\t\t\t<td colspan=\"\" rowspan=\"\" class=\"\" id=\"\">\n\t\t\t\t\t\t\t\t\t\t\t\t<div class=\"td-content-wrapper\"><div class=\"td-content\">\n\t\t\t\t\t\t\t\t\t\t\t\t\t15 mai 2026\t\t\t\t\t\t\t\t\t\t\t\t<\/div><\/div>\n\t\t\t\t\t\t\t\t\t\t\t<\/td>\n\t\t\t\t\t\t\t\t\t\t\t\t\t\t\t\t\t\t\t\t\t\t\t\t\t\t<\/tr>\n\t\t\t        \t\t\t\t\t\t<tr>\n\t\t\t\t\t\t\t\t\t\t\t\t\t\t\t\t   \t\t\t\t\t\t\t\t\t\t\t<td colspan=\"\" rowspan=\"\" class=\"\" id=\"\">\n\t\t\t\t\t\t\t\t\t\t\t\t<div class=\"td-content-wrapper\"><div class=\"td-content\">\n\t\t\t\t\t\t\t\t\t\t\t\t\tTest \u0219i interviu \u00een limba englez\u0103\t\t\t\t\t\t\t\t\t\t\t\t<\/div><\/div>\n\t\t\t\t\t\t\t\t\t\t\t<\/td>\n\t\t\t\t\t\t\t\t\t\t\t\t\t\t\t\t\t\t\t\t\t\t\t\t\t\t\t\t\t   \t\t\t\t\t\t\t\t\t\t\t<td colspan=\"\" rowspan=\"\" class=\"\" id=\"\">\n\t\t\t\t\t\t\t\t\t\t\t\t<div class=\"td-content-wrapper\"><div class=\"td-content\">\n\t\t\t\t\t\t\t\t\t\t\t\t\t20 octombrie 2025\t\t\t\t\t\t\t\t\t\t\t\t<\/div><\/div>\n\t\t\t\t\t\t\t\t\t\t\t<\/td>\n\t\t\t\t\t\t\t\t\t\t\t\t\t\t\t\t\t\t\t\t\t\t\t\t\t\t\t\t\t   \t\t\t\t\t\t\t\t\t\t\t<td colspan=\"\" rowspan=\"\" class=\"\" id=\"\">\n\t\t\t\t\t\t\t\t\t\t\t\t<div class=\"td-content-wrapper\"><div class=\"td-content\">\n\t\t\t\t\t\t\t\t\t\t\t\t\t19 mai 2026\t\t\t\t\t\t\t\t\t\t\t\t<\/div><\/div>\n\t\t\t\t\t\t\t\t\t\t\t<\/td>\n\t\t\t\t\t\t\t\t\t\t\t\t\t\t\t\t\t\t\t\t\t\t\t\t\t\t<\/tr>\n\t\t\t        \t\t\t\t\t\t<tr>\n\t\t\t\t\t\t\t\t\t\t\t\t\t\t\t\t   \t\t\t\t\t\t\t\t\t\t\t<td colspan=\"\" rowspan=\"\" class=\"\" id=\"\">\n\t\t\t\t\t\t\t\t\t\t\t\t<div class=\"td-content-wrapper\"><div class=\"td-content\">\n\t\t\t\t\t\t\t\t\t\t\t\t\tTest \u0219i proba practic\u0103 informatic\u0103 \u0219i TIC\t\t\t\t\t\t\t\t\t\t\t\t<\/div><\/div>\n\t\t\t\t\t\t\t\t\t\t\t<\/td>\n\t\t\t\t\t\t\t\t\t\t\t\t\t\t\t\t\t\t\t\t\t\t\t\t\t\t\t\t\t   \t\t\t\t\t\t\t\t\t\t\t<td colspan=\"\" rowspan=\"\" class=\"\" id=\"\">\n\t\t\t\t\t\t\t\t\t\t\t\t<div class=\"td-content-wrapper\"><div class=\"td-content\">\n\t\t\t\t\t\t\t\t\t\t\t\t\t21 octombrie 2025\t\t\t\t\t\t\t\t\t\t\t\t<\/div><\/div>\n\t\t\t\t\t\t\t\t\t\t\t<\/td>\n\t\t\t\t\t\t\t\t\t\t\t\t\t\t\t\t\t\t\t\t\t\t\t\t\t\t\t\t\t   \t\t\t\t\t\t\t\t\t\t\t<td colspan=\"\" rowspan=\"\" class=\"\" id=\"\">\n\t\t\t\t\t\t\t\t\t\t\t\t<div class=\"td-content-wrapper\"><div class=\"td-content\">\n\t\t\t\t\t\t\t\t\t\t\t\t\t\t18 mai 2026\t\t\t\t\t\t\t\t\t\t\t\t<\/div><\/div>\n\t\t\t\t\t\t\t\t\t\t\t<\/td>\n\t\t\t\t\t\t\t\t\t\t\t\t\t\t\t\t\t\t\t\t\t\t\t\t\t\t<\/tr>\n\t\t\t        \t\t\t\t\t\t<tr>\n\t\t\t\t\t\t\t\t\t\t\t\t\t\t\t\t   \t\t\t\t\t\t\t\t\t\t\t<td colspan=\"\" rowspan=\"\" class=\"\" id=\"\">\n\t\t\t\t\t\t\t\t\t\t\t\t<div class=\"td-content-wrapper\"><div class=\"td-content\">\n\t\t\t\t\t\t\t\t\t\t\t\t\tAfi\u0219area rezultatelor (ora 9), depunerea contesta\u021biilor* (p\u00e2n\u0103 la ora 12) la secretariatul Liceului\t\t\t\t\t\t\t\t\t\t\t\t<\/div><\/div>\n\t\t\t\t\t\t\t\t\t\t\t<\/td>\n\t\t\t\t\t\t\t\t\t\t\t\t\t\t\t\t\t\t\t\t\t\t\t\t\t\t\t\t\t   \t\t\t\t\t\t\t\t\t\t\t<td colspan=\"\" rowspan=\"\" class=\"\" id=\"\">\n\t\t\t\t\t\t\t\t\t\t\t\t<div class=\"td-content-wrapper\"><div class=\"td-content\">\n\t\t\t\t\t\t\t\t\t\t\t\t\t24 octombrie 2025\t\t\t\t\t\t\t\t\t\t\t\t<\/div><\/div>\n\t\t\t\t\t\t\t\t\t\t\t<\/td>\n\t\t\t\t\t\t\t\t\t\t\t\t\t\t\t\t\t\t\t\t\t\t\t\t\t\t\t\t\t   \t\t\t\t\t\t\t\t\t\t\t<td colspan=\"\" rowspan=\"\" class=\"\" id=\"\">\n\t\t\t\t\t\t\t\t\t\t\t\t<div class=\"td-content-wrapper\"><div class=\"td-content\">\n\t\t\t\t\t\t\t\t\t\t\t\t\t\t22 mai 2026\t\t\t\t\t\t\t\t\t\t\t\t<\/div><\/div>\n\t\t\t\t\t\t\t\t\t\t\t<\/td>\n\t\t\t\t\t\t\t\t\t\t\t\t\t\t\t\t\t\t\t\t\t\t\t\t\t\t<\/tr>\n\t\t\t        \t\t\t\t\t\t<tr>\n\t\t\t\t\t\t\t\t\t\t\t\t\t\t\t\t   \t\t\t\t\t\t\t\t\t\t\t<td colspan=\"\" rowspan=\"\" class=\"\" id=\"\">\n\t\t\t\t\t\t\t\t\t\t\t\t<div class=\"td-content-wrapper\"><div class=\"td-content\">\n\t\t\t\t\t\t\t\t\t\t\t\t\tSolu\u021bionarea contesta\u021biilor \u0219i afi\u0219area rezultatelor finale (p\u00e2n\u0103 la ora 11)\t\t\t\t\t\t\t\t\t\t\t\t<\/div><\/div>\n\t\t\t\t\t\t\t\t\t\t\t<\/td>\n\t\t\t\t\t\t\t\t\t\t\t\t\t\t\t\t\t\t\t\t\t\t\t\t\t\t\t\t\t   \t\t\t\t\t\t\t\t\t\t\t<td colspan=\"\" rowspan=\"\" class=\"\" id=\"\">\n\t\t\t\t\t\t\t\t\t\t\t\t<div class=\"td-content-wrapper\"><div class=\"td-content\">\n\t\t\t\t\t\t\t\t\t\t\t\t\t30 octombrie 2025\t\t\t\t\t\t\t\t\t\t\t\t<\/div><\/div>\n\t\t\t\t\t\t\t\t\t\t\t<\/td>\n\t\t\t\t\t\t\t\t\t\t\t\t\t\t\t\t\t\t\t\t\t\t\t\t\t\t\t\t\t   \t\t\t\t\t\t\t\t\t\t\t<td colspan=\"\" rowspan=\"\" class=\"\" id=\"\">\n\t\t\t\t\t\t\t\t\t\t\t\t<div class=\"td-content-wrapper\"><div class=\"td-content\">\n\t\t\t\t\t\t\t\t\t\t\t\t\t29 mai 2026\t\t\t\t\t\t\t\t\t\t\t\t<\/div><\/div>\n\t\t\t\t\t\t\t\t\t\t\t<\/td>\n\t\t\t\t\t\t\t\t\t\t\t\t\t\t\t\t\t\t\t\t\t\t\t\t\t\t<\/tr>\n\t\t\t        \t\t\t\t\t\t<tr>\n\t\t\t\t\t\t\t\t\t\t\t\t\t\t\t\t   \t\t\t\t\t\t\t\t\t\t\t<td colspan=\"3\" rowspan=\"\" class=\"\" id=\"\">\n\t\t\t\t\t\t\t\t\t\t\t\t<div class=\"td-content-wrapper\"><div class=\"td-content\">\n\t\t\t\t\t\t\t\t\t\t\t\t\t<p>*\u00a0<strong>Se pot contesta doar punctajele ob\u021binute la probele de Informatic\u0103 \u0219i Limba Englez\u0103<\/strong><\/p>\t\t\t\t\t\t\t\t\t\t\t\t<\/div><\/div>\n\t\t\t\t\t\t\t\t\t\t\t<\/td>\n\t\t\t\t\t\t\t\t\t\t\t\t\t\t\t\t\t\t\t\t\t\t\t\t\t\t<\/tr>\n\t\t\t        \t\t\t    <\/tbody>\n\t\t\t<\/table>\n\t\t<\/div>\n\t  \t\t\t\t\t<\/div>\n\t\t\t\t<\/div>\n\t\t\t\t\t<\/div>\n\t\t<\/div>\n\t\t\t\t\t<\/div>\n\t\t<\/section>\n\t\t\t\t<section class=\"elementor-section elementor-top-section elementor-element elementor-element-33e42efa elementor-section-boxed elementor-section-height-default elementor-section-height-default\" data-id=\"33e42efa\" data-element_type=\"section\" data-e-type=\"section\">\n\t\t\t\t\t\t<div class=\"elementor-container elementor-column-gap-default\">\n\t\t\t\t\t<div class=\"elementor-column elementor-col-100 elementor-top-column elementor-element elementor-element-3348fe53\" data-id=\"3348fe53\" data-element_type=\"column\" data-e-type=\"column\">\n\t\t\t<div class=\"elementor-widget-wrap elementor-element-populated\">\n\t\t\t\t\t\t<div class=\"elementor-element elementor-element-46fd36d9 elementor-widget__width-initial elementor-widget elementor-widget-eael-adv-accordion\" data-id=\"46fd36d9\" data-element_type=\"widget\" data-e-type=\"widget\" data-widget_type=\"eael-adv-accordion.default\">\n\t\t\t\t<div class=\"elementor-widget-container\">\n\t\t\t\t\t            <div class=\"eael-adv-accordion\" id=\"eael-adv-accordion-46fd36d9\" data-scroll-on-click=\"no\" data-scroll-speed=\"300\" data-accordion-id=\"46fd36d9\" data-accordion-type=\"accordion\" data-toogle-speed=\"300\">\n            <div class=\"eael-accordion-list\">\n\t\t\t\t\t<div id=\"rezultate-finale-30102025\" class=\"elementor-tab-title eael-accordion-header\" tabindex=\"0\" data-tab=\"1\" aria-controls=\"elementor-tab-content-1191\"><span class=\"eael-advanced-accordion-icon-closed\"><i aria-hidden=\"true\" class=\"fa-accordion-icon fas fa-plus\"><\/i><\/span><span class=\"eael-advanced-accordion-icon-opened\"><i aria-hidden=\"true\" class=\"fa-accordion-icon fas fa-power-off\"><\/i><\/span><h4 class=\"eael-accordion-tab-title\">Rezultate finale 30.10.2025<\/h4><\/div><div id=\"elementor-tab-content-1191\" class=\"eael-accordion-content clearfix\" data-tab=\"1\" aria-labelledby=\"rezultate-finale-30102025\"><p><a href=\"https:\/\/gsaranyjanos.ro\/wp-content\/uploads\/2025\/11\/Rezultate-finale_s.pdf\" target=\"_blank\" rel=\"noopener\"><span style=\"color: blue\">vezi rezultate<\/span><\/a><\/p><\/div>\n\t\t\t\t\t<\/div><div class=\"eael-accordion-list\">\n\t\t\t\t\t<div id=\"rezultate-nainte-de-contestaii\" class=\"elementor-tab-title eael-accordion-header\" tabindex=\"0\" data-tab=\"2\" aria-controls=\"elementor-tab-content-1192\"><span class=\"eael-advanced-accordion-icon-closed\"><i aria-hidden=\"true\" class=\"fa-accordion-icon fas fa-plus\"><\/i><\/span><span class=\"eael-advanced-accordion-icon-opened\"><i aria-hidden=\"true\" class=\"fa-accordion-icon fas fa-power-off\"><\/i><\/span><h4 class=\"eael-accordion-tab-title\">Rezultate \u00eenainte de contesta\u021bii<\/h4><\/div><div id=\"elementor-tab-content-1192\" class=\"eael-accordion-content clearfix\" data-tab=\"2\" aria-labelledby=\"rezultate-nainte-de-contestaii\"><p>Afi\u0219area rezultatelor (ora 9, 24.10.2025), depunerea contesta\u021biilor<strong>*<\/strong> (p\u00e2n\u0103 la ora 12, 24.10.2025) la secretariatul liceului<br \/><a href=\"https:\/\/gsaranyjanos.ro\/wp-content\/uploads\/2025\/10\/rezultate_initiale_selectie.pdf\" target=\"_blank\" rel=\"noopener\"><span style=\"color: blue\">vezi rezultate<\/span><\/a><\/p><\/div>\n\t\t\t\t\t<\/div><div class=\"eael-accordion-list\">\n\t\t\t\t\t<div id=\"lansare-proiect\" class=\"elementor-tab-title eael-accordion-header\" tabindex=\"0\" data-tab=\"3\" aria-controls=\"elementor-tab-content-1193\"><span class=\"eael-advanced-accordion-icon-closed\"><i aria-hidden=\"true\" class=\"fa-accordion-icon fas fa-plus\"><\/i><\/span><span class=\"eael-advanced-accordion-icon-opened\"><i aria-hidden=\"true\" class=\"fa-accordion-icon fas fa-power-off\"><\/i><\/span><h4 class=\"eael-accordion-tab-title\">Lansare proiect<\/h4><\/div><div id=\"elementor-tab-content-1193\" class=\"eael-accordion-content clearfix\" data-tab=\"3\" aria-labelledby=\"lansare-proiect\"><div><div class=\"elementor-element elementor-element-90d5712 elementor-widget elementor-widget-heading\"><div class=\"elementor-widget-container\"><h2 class=\"elementor-heading-title elementor-size-default\">Lansare proiect 30.09.2025<\/h2><\/div><\/div><div class=\"elementor-element elementor-element-1fb9d9d elementor-widget elementor-widget-text-editor\"><div class=\"elementor-widget-container\"><div>\u00cen data de 30 septembrie 2025 a avut loc lansarea PROIECTULUI DE MOBILITATE ERASMUS + cu titlul \u201eS\u0103 fim cet\u0103\u021beni europeni competitivi pe pia\u021ba muncii!\u201d. Au fost invita\u021bi reprezentan\u021bii prim\u0103riei Salonta, reprezentan\u021bii ISJ Bihor, reprezentan\u021bi mass-media, elevii \u0219i p\u0103rin\u021bii claselor a X-a \u0219i a XI-a de la specializarea matematic\u0103-informatic\u0103. Cu aceast\u0103 ocazie au fost prezentate criteriile de selec\u021bie a participan\u021bilor \u0219i calendarul proiectului.<\/div><\/div><\/div><\/div><div>\u00a0<\/div><p><img decoding=\"async\" class=\"size-medium wp-image-7027 alignleft\" src=\"https:\/\/gsaranyjanos.ro\/wp-content\/uploads\/2025\/10\/Screenshot-2025-10-08-122640-300x170.png\" alt=\"\" width=\"200\" height=\"150\" \/><img decoding=\"async\" class=\"size-medium wp-image-7030 alignright\" src=\"https:\/\/gsaranyjanos.ro\/wp-content\/uploads\/2025\/10\/DSC_4438-300x200.jpg\" alt=\"\" width=\"200\" height=\"150\" \/><\/p><\/div>\n\t\t\t\t\t<\/div><div class=\"eael-accordion-list\">\n\t\t\t\t\t<div id=\"anun-erasmus\" class=\"elementor-tab-title eael-accordion-header\" tabindex=\"0\" data-tab=\"4\" aria-controls=\"elementor-tab-content-1194\"><span class=\"eael-advanced-accordion-icon-closed\"><i aria-hidden=\"true\" class=\"fa-accordion-icon fas fa-plus\"><\/i><\/span><span class=\"eael-advanced-accordion-icon-opened\"><i aria-hidden=\"true\" class=\"fa-accordion-icon fas fa-power-off\"><\/i><\/span><h4 class=\"eael-accordion-tab-title\">Anun\u021b Erasmus+<\/h4><\/div><div id=\"elementor-tab-content-1194\" class=\"eael-accordion-content clearfix\" data-tab=\"4\" aria-labelledby=\"anun-erasmus\"><p><strong>Organiza\u021bii suport:<\/strong><br \/>Organization for Promotion of European Issues (Cipru),<br \/><a href=\"http:\/\/www.european-issues.net\/\" target=\"_blank\" rel=\"noopener\"><span style=\"color: blue\">http:\/\/www.european-issues.net<\/span><\/a><br \/>M.E.P. Europrojects Granada, S.L. (Spania)<br \/><a href=\"http:\/\/www.mepegranada.com\/\" target=\"_blank\" rel=\"noopener\"><span style=\"color: blue\">http:\/\/www.mepegranada.com<\/span><\/a><\/p><p><strong>Firmele de stagiu:<\/strong><br \/>L. Lazarou CTC, Cipru,\u00a0<a href=\"http:\/\/www.lazarou-ict.info\/\" target=\"_blank\" rel=\"noopener\">http:\/\/www.lazarou-ict.info\/<\/a><br \/>ANDAGRANANET, Spania,\u00a0<a href=\"http:\/\/www.andagrananet.com\/\" target=\"_blank\" rel=\"noopener\">http:\/\/www.andagrananet.com<\/a><\/p><p><strong>Grup \u021bint\u0103:<\/strong>\u00a028 de elevi din clasele a XI-a de la filiera teoretic\u0103, profil real, specializarea matematic\u0103-informatic\u0103<br \/><strong>Grantul proiectului:<\/strong>\u00a075.398 euro<br \/><strong>Obiectivele proiectului:<\/strong><br \/>1.Dob\u00e2ndirea de experien\u021b\u0103 practic\u0103 \u00een realizarea de aplica\u021bii web mobile, prin plasarea \u00een firme IT a 28 elevi, \u00een scopul adapt\u0103rii ofertei de formare \u0219i \u00eembun\u0103t\u0103\u021birii \u0219anselor de angajare \u0219i de carier\u0103<br \/>2.Utilizarea limbajului profesional \u0219i aprofundarea vocabularul specific domeniului IT \u00een englez\u0103 de c\u0103tre 28 de elevi \u00een scopul dezvolt\u0103rii competen\u021bele lingvistice din domeniul competen\u021belor cheie<br \/>3.Crearea de oportunit\u0103\u021bi de FPI \u0219i dezvoltare personal\u0103 la standarde \u00eenalte prin participarea a 28 de elevi, din care 50% cu oportunit\u0103\u021bi sc\u0103zute, la parteneriate transna\u021bionale de \u00eenv\u0103\u021bare la locul de munc\u0103<\/p><p><b>Con\u021binuturi dezvoltate prin plasament:<\/b><br \/>1.Cuno\u0219tin\u021be despre limbajele de programare HTML, JavaScript \u0219i framework-ul React; concepte de baz\u0103 ale proiect\u0103rii interfe\u021belor Web; principiile program\u0103rii orientate pe obiecte; crearea paginilor web; dezvoltarea de aplica\u021bii pentru mobile, jocuri, pagini web \u0219i tablete<br \/>2.Colaborare \u00een echipa de lucru, asumarea responsabilit\u0103\u021bilor, ini\u0163iativ\u0103 \u015fi disponibilitate \u00een abordarea sarcinilor<br \/>3.Sensibilizare \u015fi expresie cultural\u0103, sociale, civice<br \/>4.Comunicare \u00een limbi str\u0103ine<\/p><p><b>Perioda plasamentului:<\/b>\u00a0februarie 2026 \u2013 fluxul 1 (14 elevi)<br \/>octombrie 2026 \u2013 fluxul 2 (14 elevi)<br \/><b>Selec\u021bia participan\u021bilor:<\/b><br \/>La selec\u021bie pentru fluxul 1 se pot \u00eenscrie elevi de la specializarea matematic\u0103-informatic\u0103, care \u00een anul \u0219colar 2024-2025 au avut media la purtare 10, la englez\u0103 \u0219i informatic\u0103 au ob\u021binut minim media 8.<br \/>Pentru fluxul 2 se pot \u00eenscrie elevi de la specializarea matematic\u0103-informatic\u0103, care \u00een anul \u0219colar 2025-2026 p\u00e2n\u0103 la momentul depunerii dosarului de candidatur\u0103 (15 mai 2026) au avut media la purtare 10, la englez\u0103 \u0219i informatic\u0103 au ob\u021binut minim media 8.<\/p><p><strong>Selec\u021bia se va realiza pe baza urm\u0103toarelor probe:<\/strong><br \/>1. Depunerea unui dosar, care va cuprinde urm\u0103toarele documente \u00een ordinea dat\u0103:<br \/>\u2022 copie dup\u0103 actul de identitate<br \/>\u2022 scrisoare de inten\u021bie\/motiva\u021bie<br \/>\u2022 CV Europass semnat de elev<br \/>\u2022 acordul p\u0103rintelui<em>\u00a0<strong> <a href=\"https:\/\/gsaranyjanos.ro\/wp-content\/uploads\/2025\/10\/Acord_parental.pdf\" target=\"_blank\" rel=\"noopener\"><span style=\"color: blue\">descarc\u0103<\/span><\/a><\/strong><\/em><br \/>\u2022 declara\u021bie pe propria r\u0103spundere privind componen\u021ba familiei<em><strong>\u00a0<\/strong><a href=\"https:\/\/gsaranyjanos.ro\/wp-content\/uploads\/2025\/10\/DECLARATIE_Componenta_Familiei.pdf\" target=\"_blank\" rel=\"noopener\"><strong><span style=\"color: blue\">descarc\u0103<\/span><\/strong><\/a><\/em><br \/>\u2022 copii dup\u0103 acte doveditoare al nivelului de studiu al p\u0103rin\u021bilor<br \/>\u2022\u00a0<strong>dup\u0103 caz:<\/strong><\/p><ul><li><ul><li>\u00a0adeverin\u021b\u0103 de venit net pe ultimele trei luni anterioare \u00eenscrierii (fluxul 1 \u2013 iulie, august, septembrie \u0219i fluxul 2 \u2013 februarie, mai, aprilie), copie cupon de pensie al p\u0103rin\u021bilor, declara\u021bie pe proprie r\u0103spundere c\u0103 nu are venit impozabil pe lunile men\u021bionate mai sus.<\/li><li>\u00a0in cazul orfanilor certificat de deces al p\u0103rintelui\/p\u0103rin\u021bilor<\/li><li>\u00a0decizie de plasament<\/li><li>\u00a0decizie de divor\u021b al p\u0103rin\u021bilor<\/li><\/ul><\/li><\/ul><p>2. Interviu \u2013 se va evalua profilul personalit\u0103\u021bii candidatului<br \/>3. Test scris \u0219i prob\u0103 practic\u0103 de atestare a competen\u021belor profesionale (informatic\u0103 \u0219i TIC)<br \/><a href=\"https:\/\/gsaranyjanos.ro\/wp-content\/uploads\/2025\/09\/bibliografie_info.pdf\" target=\"_blank\" rel=\"noopener\"><em><span style=\"color: blue\"><strong> Bibliografie<\/strong><\/span><\/em><\/a><br \/>4. Test \u0219i interviu \u00een limba englez\u0103<br \/><strong><a href=\"https:\/\/gsaranyjanos.ro\/wp-content\/uploads\/2025\/09\/bibliografie_engleza.pdf\" target=\"_blank\" rel=\"noopener\"><em><span style=\"color: blue\"> Bibliografie<\/span><\/em><\/a><\/strong><\/p><\/div>\n\t\t\t\t\t<\/div><\/div>\t\t\t\t<\/div>\n\t\t\t\t<\/div>\n\t\t\t\t\t<\/div>\n\t\t<\/div>\n\t\t\t\t\t<\/div>\n\t\t<\/section>\n\t\t\t\t<\/div>\n\t\t","protected":false},"excerpt":{"rendered":"<p>ANUN\u021a PROIECT DE MOBILITATE ERASMUS PLUS 2025-20262025-1-RO01-KA122-VET-000312410 Titlul proiectului: S\u0103 fim cet\u0103\u021beni europeni competitivi pe pia\u021ba muncii!Beneficiar: Liceul Teoretic \u201eArany J\u00e1nos\u201d Fluxul 1 Fluxul 2 Depunerea dosarelor 1 \u2013 15 octombrie 2025 1 \u2013 15 mai 2026 Interviu 15 octombrie 2025 15 mai 2026 Test \u0219i interviu \u00een limba englez\u0103 20 octombrie 2025 19 mai [&hellip;]<\/p>\n","protected":false},"author":1,"featured_media":0,"parent":6392,"menu_order":0,"comment_status":"closed","ping_status":"closed","template":"","meta":{"ocean_post_layout":"full-width","ocean_both_sidebars_style":"","ocean_both_sidebars_content_width":0,"ocean_both_sidebars_sidebars_width":0,"ocean_sidebar":"0","ocean_second_sidebar":"0","ocean_disable_margins":"on","ocean_add_body_class":"","ocean_shortcode_before_top_bar":"","ocean_shortcode_after_top_bar":"","ocean_shortcode_before_header":"","ocean_shortcode_after_header":"","ocean_has_shortcode":"","ocean_shortcode_after_title":"","ocean_shortcode_before_footer_widgets":"","ocean_shortcode_after_footer_widgets":"","ocean_shortcode_before_footer_bottom":"","ocean_shortcode_after_footer_bottom":"","ocean_display_top_bar":"off","ocean_display_header":"on","ocean_header_style":"","ocean_center_header_left_menu":"0","ocean_custom_header_template":"0","ocean_custom_logo":0,"ocean_custom_retina_logo":0,"ocean_custom_logo_max_width":0,"ocean_custom_logo_tablet_max_width":0,"ocean_custom_logo_mobile_max_width":0,"ocean_custom_logo_max_height":0,"ocean_custom_logo_tablet_max_height":0,"ocean_custom_logo_mobile_max_height":0,"ocean_header_custom_menu":"42","ocean_menu_typo_font_family":"0","ocean_menu_typo_font_subset":"","ocean_menu_typo_font_size":0,"ocean_menu_typo_font_size_tablet":0,"ocean_menu_typo_font_size_mobile":0,"ocean_menu_typo_font_size_unit":"px","ocean_menu_typo_font_weight":"","ocean_menu_typo_font_weight_tablet":"","ocean_menu_typo_font_weight_mobile":"","ocean_menu_typo_transform":"","ocean_menu_typo_transform_tablet":"","ocean_menu_typo_transform_mobile":"","ocean_menu_typo_line_height":0,"ocean_menu_typo_line_height_tablet":0,"ocean_menu_typo_line_height_mobile":0,"ocean_menu_typo_line_height_unit":"","ocean_menu_typo_spacing":0,"ocean_menu_typo_spacing_tablet":0,"ocean_menu_typo_spacing_mobile":0,"ocean_menu_typo_spacing_unit":"","ocean_menu_link_color":"","ocean_menu_link_color_hover":"","ocean_menu_link_color_active":"","ocean_menu_link_background":"","ocean_menu_link_hover_background":"","ocean_menu_link_active_background":"","ocean_menu_social_links_bg":"","ocean_menu_social_hover_links_bg":"","ocean_menu_social_links_color":"","ocean_menu_social_hover_links_color":"","ocean_disable_title":"default","ocean_disable_heading":"default","ocean_post_title":"","ocean_post_subheading":"","ocean_post_title_style":"","ocean_post_title_background_color":"","ocean_post_title_background":0,"ocean_post_title_bg_image_position":"","ocean_post_title_bg_image_attachment":"","ocean_post_title_bg_image_repeat":"","ocean_post_title_bg_image_size":"","ocean_post_title_height":0,"ocean_post_title_bg_overlay":0.5,"ocean_post_title_bg_overlay_color":"","ocean_disable_breadcrumbs":"off","ocean_breadcrumbs_color":"","ocean_breadcrumbs_separator_color":"","ocean_breadcrumbs_links_color":"","ocean_breadcrumbs_links_hover_color":"","ocean_display_footer_widgets":"default","ocean_display_footer_bottom":"default","ocean_custom_footer_template":"0","footnotes":""},"class_list":["post-6771","page","type-page","status-publish","hentry","entry"],"_links":{"self":[{"href":"https:\/\/gsaranyjanos.ro\/index.php?rest_route=\/wp\/v2\/pages\/6771","targetHints":{"allow":["GET"]}}],"collection":[{"href":"https:\/\/gsaranyjanos.ro\/index.php?rest_route=\/wp\/v2\/pages"}],"about":[{"href":"https:\/\/gsaranyjanos.ro\/index.php?rest_route=\/wp\/v2\/types\/page"}],"author":[{"embeddable":true,"href":"https:\/\/gsaranyjanos.ro\/index.php?rest_route=\/wp\/v2\/users\/1"}],"replies":[{"embeddable":true,"href":"https:\/\/gsaranyjanos.ro\/index.php?rest_route=%2Fwp%2Fv2%2Fcomments&post=6771"}],"version-history":[{"count":74,"href":"https:\/\/gsaranyjanos.ro\/index.php?rest_route=\/wp\/v2\/pages\/6771\/revisions"}],"predecessor-version":[{"id":7394,"href":"https:\/\/gsaranyjanos.ro\/index.php?rest_route=\/wp\/v2\/pages\/6771\/revisions\/7394"}],"up":[{"embeddable":true,"href":"https:\/\/gsaranyjanos.ro\/index.php?rest_route=\/wp\/v2\/pages\/6392"}],"wp:attachment":[{"href":"https:\/\/gsaranyjanos.ro\/index.php?rest_route=%2Fwp%2Fv2%2Fmedia&parent=6771"}],"curies":[{"name":"wp","href":"https:\/\/api.w.org\/{rel}","templated":true}]}}