{"id":829,"date":"2021-08-29T10:15:41","date_gmt":"2021-08-29T10:15:41","guid":{"rendered":"https:\/\/gsaranyjanos.ro\/?page_id=829"},"modified":"2023-03-15T15:20:01","modified_gmt":"2023-03-15T15:20:01","slug":"tortenet","status":"publish","type":"page","link":"https:\/\/gsaranyjanos.ro\/?page_id=829","title":{"rendered":"Iskol\u00e1nk t\u00f6rt\u00e9nete"},"content":{"rendered":"\t\t<div data-elementor-type=\"wp-page\" data-elementor-id=\"829\" class=\"elementor elementor-829\">\n\t\t\t\t\t\t<section class=\"elementor-section elementor-top-section elementor-element elementor-element-489a5ae elementor-section-full_width elementor-section-height-min-height elementor-section-content-top elementor-section-height-default elementor-section-items-middle\" data-id=\"489a5ae\" data-element_type=\"section\" data-e-type=\"section\">\n\t\t\t\t\t\t<div class=\"elementor-container elementor-column-gap-no\">\n\t\t\t\t\t<div class=\"elementor-column elementor-col-100 elementor-top-column elementor-element elementor-element-5532ecc\" data-id=\"5532ecc\" data-element_type=\"column\" data-e-type=\"column\">\n\t\t\t<div class=\"elementor-widget-wrap elementor-element-populated\">\n\t\t\t\t\t\t<div class=\"elementor-element elementor-element-db484d0 elementor-pagination-position-inside elementor-arrows-position-inside elementor-widget elementor-widget-image-carousel\" data-id=\"db484d0\" data-element_type=\"widget\" data-e-type=\"widget\" data-settings=\"{&quot;slides_to_show&quot;:&quot;1&quot;,&quot;pause_on_hover&quot;:&quot;no&quot;,&quot;speed&quot;:1000,&quot;navigation&quot;:&quot;both&quot;,&quot;autoplay&quot;:&quot;yes&quot;,&quot;pause_on_interaction&quot;:&quot;yes&quot;,&quot;autoplay_speed&quot;:5000,&quot;infinite&quot;:&quot;yes&quot;,&quot;effect&quot;:&quot;slide&quot;}\" data-widget_type=\"image-carousel.default\">\n\t\t\t\t<div class=\"elementor-widget-container\">\n\t\t\t\t\t\t\t<div class=\"elementor-image-carousel-wrapper swiper\" role=\"region\" aria-roledescription=\"carousel\" aria-label=\"Image Carousel\" dir=\"ltr\">\n\t\t\t<div class=\"elementor-image-carousel swiper-wrapper swiper-image-stretch\" aria-live=\"off\">\n\t\t\t\t\t\t\t\t<div class=\"swiper-slide\" role=\"group\" aria-roledescription=\"slide\" aria-label=\"1 of 9\"><figure class=\"swiper-slide-inner\"><img decoding=\"async\" class=\"swiper-slide-image\" src=\"https:\/\/gsaranyjanos.ro\/wp-content\/uploads\/2021\/09\/BH-apr-05_07_osszel-7.jpg\" alt=\"BH apr 05_07_osszel 7\" \/><\/figure><\/div><div class=\"swiper-slide\" role=\"group\" aria-roledescription=\"slide\" aria-label=\"2 of 9\"><figure class=\"swiper-slide-inner\"><img decoding=\"async\" class=\"swiper-slide-image\" src=\"https:\/\/gsaranyjanos.ro\/wp-content\/uploads\/2021\/09\/nagyisi2-scaled.jpg\" alt=\"nagyisi2\" \/><\/figure><\/div><div class=\"swiper-slide\" role=\"group\" aria-roledescription=\"slide\" aria-label=\"3 of 9\"><figure class=\"swiper-slide-inner\"><img decoding=\"async\" class=\"swiper-slide-image\" src=\"https:\/\/gsaranyjanos.ro\/wp-content\/uploads\/2021\/09\/b_aranyiskola.jpg\" alt=\"b_aranyiskola\" \/><\/figure><\/div><div class=\"swiper-slide\" role=\"group\" aria-roledescription=\"slide\" aria-label=\"4 of 9\"><figure class=\"swiper-slide-inner\"><img decoding=\"async\" class=\"swiper-slide-image\" src=\"https:\/\/gsaranyjanos.ro\/wp-content\/uploads\/2021\/09\/nagyisi1-scaled.jpg\" alt=\"DCIM100MEDIADJI_0373.JPG\" \/><\/figure><\/div><div class=\"swiper-slide\" role=\"group\" aria-roledescription=\"slide\" aria-label=\"5 of 9\"><figure class=\"swiper-slide-inner\"><img decoding=\"async\" class=\"swiper-slide-image\" src=\"https:\/\/gsaranyjanos.ro\/wp-content\/uploads\/2021\/09\/nagyisi1_2.jpg\" alt=\"nagyisi1_2\" \/><\/figure><\/div><div class=\"swiper-slide\" role=\"group\" aria-roledescription=\"slide\" aria-label=\"6 of 9\"><figure class=\"swiper-slide-inner\"><img decoding=\"async\" class=\"swiper-slide-image\" src=\"https:\/\/gsaranyjanos.ro\/wp-content\/uploads\/2021\/09\/nagyisi3-scaled.jpg\" alt=\"nagyisi3\" \/><\/figure><\/div><div class=\"swiper-slide\" role=\"group\" aria-roledescription=\"slide\" aria-label=\"7 of 9\"><figure class=\"swiper-slide-inner\"><img decoding=\"async\" class=\"swiper-slide-image\" src=\"https:\/\/gsaranyjanos.ro\/wp-content\/uploads\/2021\/09\/nagyisi3_1-scaled.jpg\" alt=\"DCIM100MEDIADJI_0370.JPG\" \/><\/figure><\/div><div class=\"swiper-slide\" role=\"group\" aria-roledescription=\"slide\" aria-label=\"8 of 9\"><figure class=\"swiper-slide-inner\"><img decoding=\"async\" class=\"swiper-slide-image\" src=\"https:\/\/gsaranyjanos.ro\/wp-content\/uploads\/2021\/09\/suli58_1.jpg\" alt=\"suli58_1\" \/><\/figure><\/div><div class=\"swiper-slide\" role=\"group\" aria-roledescription=\"slide\" aria-label=\"9 of 9\"><figure class=\"swiper-slide-inner\"><img decoding=\"async\" class=\"swiper-slide-image\" src=\"https:\/\/gsaranyjanos.ro\/wp-content\/uploads\/2021\/09\/lmi.jpg\" alt=\"lmi\" \/><\/figure><\/div>\t\t\t<\/div>\n\t\t\t\t\t\t\t\t\t\t\t\t<div class=\"elementor-swiper-button elementor-swiper-button-prev\" role=\"button\" tabindex=\"0\">\n\t\t\t\t\t\t<i aria-hidden=\"true\" class=\"eicon-chevron-left\"><\/i>\t\t\t\t\t<\/div>\n\t\t\t\t\t<div class=\"elementor-swiper-button elementor-swiper-button-next\" role=\"button\" tabindex=\"0\">\n\t\t\t\t\t\t<i aria-hidden=\"true\" class=\"eicon-chevron-right\"><\/i>\t\t\t\t\t<\/div>\n\t\t\t\t\n\t\t\t\t\t\t\t\t\t<div class=\"swiper-pagination\"><\/div>\n\t\t\t\t\t\t\t\t\t<\/div>\n\t\t\t\t\t\t<\/div>\n\t\t\t\t<\/div>\n\t\t\t\t\t<\/div>\n\t\t<\/div>\n\t\t\t\t\t<\/div>\n\t\t<\/section>\n\t\t\t\t<section class=\"elementor-section elementor-top-section elementor-element elementor-element-5a7f833 elementor-section-boxed elementor-section-height-default elementor-section-height-default\" data-id=\"5a7f833\" data-element_type=\"section\" data-e-type=\"section\">\n\t\t\t\t\t\t<div class=\"elementor-container elementor-column-gap-default\">\n\t\t\t\t\t<div class=\"elementor-column elementor-col-100 elementor-top-column elementor-element elementor-element-d1ae3e3\" data-id=\"d1ae3e3\" data-element_type=\"column\" data-e-type=\"column\">\n\t\t\t<div class=\"elementor-widget-wrap elementor-element-populated\">\n\t\t\t\t\t\t<div class=\"elementor-element elementor-element-b3876e7 elementor-widget elementor-widget-text-editor\" data-id=\"b3876e7\" data-element_type=\"widget\" data-e-type=\"widget\" data-widget_type=\"text-editor.default\">\n\t\t\t\t<div class=\"elementor-widget-container\">\n\t\t\t\t\t\t\t\t\t<p align=\"justify\">1711-t\u0151l vannak \u00edr\u00e1sos dokumentumaink a\u00a0<span class=\"style3\">Schola reformata Nagyszalontaiensis<\/span>-r\u0151l, melyben tanult \u00e9s tan\u00edtott Arany J\u00e1nos.<br \/>1847-ben \u00e9p\u00fclt meg a ma\u00a0<span class=\"style3\">Nagyiskol\u00e1nak<\/span>\u00a0nevezett \u00e9p\u00fclet, mely otthont adott az als\u00f3 \u00e9s fels\u0151 gimn\u00e1ziumi tagozatnak is.<\/p><p class=\"style1\" align=\"justify\">1906-ban j\u00f6tt l\u00e9tre a n\u00e9gy elemi oszt\u00e1lyt folytat\u00f3\u00a0<span class=\"style3\">Polg\u00e1ri Le\u00e1nyiskola<\/span>, amely k\u00e9s\u0151bb kereskedelmi tanfolyammal b\u0151v\u00fclt. A k\u00f6vetkez\u0151 \u00e9vben j\u00f3v\u00e1hagyt\u00e1k a fi\u00fak sz\u00e1m\u00e1ra a f\u0151gimn\u00e1ziumi fokozatot, mely kezdetben a Nagyiskola emeleti termeiben kapott otthont. Itt tanult\u00a0<span class=\"style3\">Zilahy Lajos \u00edr\u00f3, dr. Kiss Ferenc orvosprofesszor, Major Henrik grafikus.<\/span><br \/>1970. szeptember 15-\u00e9n kezdett m\u0171k\u00f6dni a tizenhat termes modern int\u00e9zet szaktermekkel \u00e9s k\u00f6zponti f\u0171t\u00e9ssel.<\/p><p class=\"style1\" align=\"justify\">A nagyszalontai polg\u00e1ri \u00e9s egyh\u00e1zi szervezetek, a politikai vezet\u00e9ssel kar\u00f6ltve, l\u00e9tfontoss\u00e1g\u00fanak l\u00e1tt\u00e1k a tan\u00fcgyi int\u00e9zm\u00e9nyek oly m\u00f3don t\u00f6rt\u00e9n\u0151 \u00e1trendez\u00e9s\u00e9t, hogy l\u00e9trej\u00f6jj\u00f6n egy sz\u00ednmagyar iskolak\u00f6zpont, mely felv\u00e1llalja a nagyszalontai ifj\u00fas\u00e1g visszavezet\u00e9s\u00e9t hagyom\u00e1nyos \u00e9rt\u00e9keinkhez, kult\u00far\u00e1nkhoz, identit\u00e1studatuk, \u00f6n\u00e9rt\u00e9kel\u00e9s\u00fck er\u0151s\u00edt\u00e9s\u00e9t, mindezt kereszt\u00e9nyszellemis\u00e9gben.<br \/>Az \u00faj iskola, az\u00a0<span class=\"style3\">Arany J\u00e1nos Iskolak\u00f6zpont<\/span>, Miniszt\u00e9riumi hat\u00e1rozat k\u00f6vetkezt\u00e9ben 2010. november 18-t\u00f3l l\u00e9tezik, az oktat\u00e1s 2011. szeptember elsej\u00e9t\u0151l indult. Az Arany J\u00e1nos F\u0151gimn\u00e1zium \u00e9s az Arany J\u00e1nos \u00c1ltal\u00e1nos Iskola ut\u00f3djak\u00e9nt, \u00e1tvette ezen iskol\u00e1k \u00f6sszes magyar oszt\u00e1ly\u00e1t \u00e9s tan\u00e1r\u00e1t, ez\u00e1ltal tanul\u00f3inak l\u00e9tsz\u00e1ma 930 f\u0151, mely 15 elemi, 14 gimn\u00e1ziumi, 8 k\u00f6z\u00e9piskolai, 5 speci\u00e1lis (kiseg\u00edt\u0151) oszt\u00e1lyban tanul. Ezek az oszt\u00e1lyok \u00f6t \u00e9p\u00fcletben kaptak helyet.<br \/>Az iskol\u00e1nkban oktat\u00f3 k\u00e9pzett, gyakorlott pedag\u00f3gusok, az eddigi int\u00e9zm\u00e9nyekben gazdag tev\u00e9kenys\u00e9ggel nevelt\u00e9k Nagyszalonta magyar gyermekeit. Ezek k\u00f6z\u00fcl \u00e9rdemes felsorolni a Tudom\u00e1nyos, kultur\u00e1lis konferenci\u00e1kat, a Kitart\u00e1snapj\u00e1nak megszervez\u00e9s\u00e9t, Iskola\u00fajs\u00e1g, iskola honlap m\u0171k\u00f6dtet\u00e9s\u00e9t, tehets\u00e9ges gyermekek versenyeztet\u00e9s\u00e9t, szakk\u00f6r\u00f6k m\u0171k\u00f6dtet\u00e9s\u00e9t, tudom\u00e1nyos t\u00e1borok, iskola kapcsolatok, didaktikai kir\u00e1ndul\u00e1sok hat\u00e1ron innen \u00e9s t\u00fal, sz\u00f3rakoztat\u00f3 m\u0171sorok, estek lebonyol\u00edt\u00e1s\u00e1t.<br \/>F\u0151 c\u00e9lkit\u0171z\u00e9s\u00fcnk gyermekeinket \u00fagy nevelni, hogy megismerj\u00e9k t\u00f6rt\u00e9nelm\u00fcnket \u00e9s \u00e1polj\u00e1k hagyom\u00e1nyainkat. Szeretn\u00e9nk, ha tehets\u00e9g\u00fck kibontakoztat\u00e1s\u00e1val, nyelvismeret\u00fck gyarap\u00edt\u00e1s\u00e1val \u00f6nbizalmuk is n\u0151ne, pozit\u00edv j\u00f6v\u0151k\u00e9p\u00fck alakulna, cs\u00f6kkenne kudarc\u00e9lm\u00e9ny\u00fck s megtal\u00e1ln\u00e1k sz\u00e1m\u00edt\u00e1saikat sz\u00fcl\u0151f\u00f6ldj\u00fck\u00f6n.<\/p>\t\t\t\t\t\t\t\t<\/div>\n\t\t\t\t<\/div>\n\t\t\t\t\t<\/div>\n\t\t<\/div>\n\t\t\t\t\t<\/div>\n\t\t<\/section>\n\t\t\t\t<section class=\"elementor-section elementor-top-section elementor-element elementor-element-6930887 elementor-section-content-middle elementor-section-boxed elementor-section-height-default elementor-section-height-default\" data-id=\"6930887\" data-element_type=\"section\" data-e-type=\"section\" data-settings=\"{&quot;background_background&quot;:&quot;classic&quot;}\">\n\t\t\t\t\t\t<div class=\"elementor-container elementor-column-gap-default\">\n\t\t\t\t\t<div class=\"elementor-column elementor-col-50 elementor-top-column elementor-element elementor-element-5f0c4ed\" data-id=\"5f0c4ed\" data-element_type=\"column\" data-e-type=\"column\">\n\t\t\t<div class=\"elementor-widget-wrap elementor-element-populated\">\n\t\t\t\t\t\t<div class=\"elementor-element elementor-element-bd1a018 elementor-widget elementor-widget-text-editor\" data-id=\"bd1a018\" data-element_type=\"widget\" data-e-type=\"widget\" data-widget_type=\"text-editor.default\">\n\t\t\t\t<div class=\"elementor-widget-container\">\n\t\t\t\t\t\t\t\t\t<p style=\"text-align: left;\"><span style=\"color: #ffffff;\">\u00a9 COPYRIGHT &#8211; ARANY J\u00c1NOS L\u00edCEUM 2023<\/span><\/p>\t\t\t\t\t\t\t\t<\/div>\n\t\t\t\t<\/div>\n\t\t\t\t\t<\/div>\n\t\t<\/div>\n\t\t\t\t<div class=\"elementor-column elementor-col-50 elementor-top-column elementor-element elementor-element-eab7301\" data-id=\"eab7301\" data-element_type=\"column\" data-e-type=\"column\">\n\t\t\t<div class=\"elementor-widget-wrap\">\n\t\t\t\t\t\t\t<\/div>\n\t\t<\/div>\n\t\t\t\t\t<\/div>\n\t\t<\/section>\n\t\t\t\t<\/div>\n\t\t","protected":false},"excerpt":{"rendered":"<p>Previous Next 1711-t\u0151l vannak \u00edr\u00e1sos dokumentumaink a\u00a0Schola reformata Nagyszalontaiensis-r\u0151l, melyben tanult \u00e9s tan\u00edtott Arany J\u00e1nos.1847-ben \u00e9p\u00fclt meg a ma\u00a0Nagyiskol\u00e1nak\u00a0nevezett \u00e9p\u00fclet, mely otthont adott az als\u00f3 \u00e9s fels\u0151 gimn\u00e1ziumi tagozatnak is. 1906-ban j\u00f6tt l\u00e9tre a n\u00e9gy elemi oszt\u00e1lyt folytat\u00f3\u00a0Polg\u00e1ri Le\u00e1nyiskola, amely k\u00e9s\u0151bb kereskedelmi tanfolyammal b\u0151v\u00fclt. A k\u00f6vetkez\u0151 \u00e9vben j\u00f3v\u00e1hagyt\u00e1k a fi\u00fak sz\u00e1m\u00e1ra a f\u0151gimn\u00e1ziumi fokozatot, mely [&hellip;]<\/p>\n","protected":false},"author":1,"featured_media":0,"parent":1693,"menu_order":0,"comment_status":"closed","ping_status":"closed","template":"","meta":{"ocean_post_layout":"full-screen","ocean_both_sidebars_style":"","ocean_both_sidebars_content_width":0,"ocean_both_sidebars_sidebars_width":0,"ocean_sidebar":"0","ocean_second_sidebar":"0","ocean_disable_margins":"enable","ocean_add_body_class":"","ocean_shortcode_before_top_bar":"","ocean_shortcode_after_top_bar":"","ocean_shortcode_before_header":"","ocean_shortcode_after_header":"","ocean_has_shortcode":"","ocean_shortcode_after_title":"","ocean_shortcode_before_footer_widgets":"","ocean_shortcode_after_footer_widgets":"","ocean_shortcode_before_footer_bottom":"","ocean_shortcode_after_footer_bottom":"","ocean_display_top_bar":"off","ocean_display_header":"on","ocean_header_style":"","ocean_center_header_left_menu":"0","ocean_custom_header_template":"0","ocean_custom_logo":0,"ocean_custom_retina_logo":0,"ocean_custom_logo_max_width":0,"ocean_custom_logo_tablet_max_width":0,"ocean_custom_logo_mobile_max_width":0,"ocean_custom_logo_max_height":0,"ocean_custom_logo_tablet_max_height":0,"ocean_custom_logo_mobile_max_height":0,"ocean_header_custom_menu":"0","ocean_menu_typo_font_family":"0","ocean_menu_typo_font_subset":"","ocean_menu_typo_font_size":0,"ocean_menu_typo_font_size_tablet":0,"ocean_menu_typo_font_size_mobile":0,"ocean_menu_typo_font_size_unit":"px","ocean_menu_typo_font_weight":"","ocean_menu_typo_font_weight_tablet":"","ocean_menu_typo_font_weight_mobile":"","ocean_menu_typo_transform":"","ocean_menu_typo_transform_tablet":"","ocean_menu_typo_transform_mobile":"","ocean_menu_typo_line_height":0,"ocean_menu_typo_line_height_tablet":0,"ocean_menu_typo_line_height_mobile":0,"ocean_menu_typo_line_height_unit":"","ocean_menu_typo_spacing":0,"ocean_menu_typo_spacing_tablet":0,"ocean_menu_typo_spacing_mobile":0,"ocean_menu_typo_spacing_unit":"","ocean_menu_link_color":"","ocean_menu_link_color_hover":"","ocean_menu_link_color_active":"","ocean_menu_link_background":"","ocean_menu_link_hover_background":"","ocean_menu_link_active_background":"","ocean_menu_social_links_bg":"","ocean_menu_social_hover_links_bg":"","ocean_menu_social_links_color":"","ocean_menu_social_hover_links_color":"","ocean_disable_title":"default","ocean_disable_heading":"default","ocean_post_title":"","ocean_post_subheading":"","ocean_post_title_style":"","ocean_post_title_background_color":"","ocean_post_title_background":0,"ocean_post_title_bg_image_position":"","ocean_post_title_bg_image_attachment":"","ocean_post_title_bg_image_repeat":"","ocean_post_title_bg_image_size":"","ocean_post_title_height":0,"ocean_post_title_bg_overlay":0.5,"ocean_post_title_bg_overlay_color":"","ocean_disable_breadcrumbs":"off","ocean_breadcrumbs_color":"","ocean_breadcrumbs_separator_color":"","ocean_breadcrumbs_links_color":"","ocean_breadcrumbs_links_hover_color":"","ocean_display_footer_widgets":"off","ocean_display_footer_bottom":"off","ocean_custom_footer_template":"0","footnotes":""},"class_list":["post-829","page","type-page","status-publish","hentry","entry"],"_links":{"self":[{"href":"https:\/\/gsaranyjanos.ro\/index.php?rest_route=\/wp\/v2\/pages\/829","targetHints":{"allow":["GET"]}}],"collection":[{"href":"https:\/\/gsaranyjanos.ro\/index.php?rest_route=\/wp\/v2\/pages"}],"about":[{"href":"https:\/\/gsaranyjanos.ro\/index.php?rest_route=\/wp\/v2\/types\/page"}],"author":[{"embeddable":true,"href":"https:\/\/gsaranyjanos.ro\/index.php?rest_route=\/wp\/v2\/users\/1"}],"replies":[{"embeddable":true,"href":"https:\/\/gsaranyjanos.ro\/index.php?rest_route=%2Fwp%2Fv2%2Fcomments&post=829"}],"version-history":[{"count":114,"href":"https:\/\/gsaranyjanos.ro\/index.php?rest_route=\/wp\/v2\/pages\/829\/revisions"}],"predecessor-version":[{"id":3217,"href":"https:\/\/gsaranyjanos.ro\/index.php?rest_route=\/wp\/v2\/pages\/829\/revisions\/3217"}],"up":[{"embeddable":true,"href":"https:\/\/gsaranyjanos.ro\/index.php?rest_route=\/wp\/v2\/pages\/1693"}],"wp:attachment":[{"href":"https:\/\/gsaranyjanos.ro\/index.php?rest_route=%2Fwp%2Fv2%2Fmedia&parent=829"}],"curies":[{"name":"wp","href":"https:\/\/api.w.org\/{rel}","templated":true}]}}